{"id":23559,"date":"2025-09-10T12:35:36","date_gmt":"2025-09-10T12:35:36","guid":{"rendered":"https:\/\/joanabastos.pt\/?page_id=23559"},"modified":"2025-09-10T12:38:02","modified_gmt":"2025-09-10T12:38:02","slug":"termos-e-condicoes","status":"publish","type":"page","link":"https:\/\/joanabastos.pt\/en\/termos-e-condicoes\/","title":{"rendered":"Terms and conditions"},"content":{"rendered":"<div data-elementor-type=\"wp-page\" data-elementor-id=\"23559\" class=\"elementor elementor-23559\" data-elementor-post-type=\"page\">\n\t\t\t\t\t\t<section class=\"elementor-section elementor-top-section elementor-element elementor-element-64f3dfb elementor-section-full_width elementor-section-stretched elementor-section-height-default elementor-section-height-default\" data-id=\"64f3dfb\" data-element_type=\"section\" data-e-type=\"section\" data-settings=\"{&quot;stretch_section&quot;:&quot;section-stretched&quot;,&quot;jet_parallax_layout_list&quot;:[]}\">\n\t\t\t\t\t\t<div class=\"elementor-container elementor-column-gap-default\">\n\t\t\t\t\t<div class=\"elementor-column elementor-col-100 elementor-top-column elementor-element elementor-element-db18d95\" data-id=\"db18d95\" data-element_type=\"column\" data-e-type=\"column\">\n\t\t\t<div class=\"elementor-widget-wrap elementor-element-populated\">\n\t\t\t\t\t\t<div class=\"elementor-element elementor-element-a0bbda3 elementor-widget elementor-widget-image\" data-id=\"a0bbda3\" data-element_type=\"widget\" data-e-type=\"widget\" data-widget_type=\"image.default\">\n\t\t\t\t<div class=\"elementor-widget-container\">\n\t\t\t\t\t\t\t\t\t\t\t\t\t\t\t<img fetchpriority=\"high\" decoding=\"async\" width=\"2500\" height=\"1006\" src=\"https:\/\/joanabastos.pt\/wp-content\/uploads\/2022\/10\/joana-bastos-visual-artist-header.jpg\" class=\"attachment-full size-full wp-image-13486\" alt=\"\" srcset=\"https:\/\/joanabastos.pt\/wp-content\/uploads\/2022\/10\/joana-bastos-visual-artist-header.jpg 2500w, https:\/\/joanabastos.pt\/wp-content\/uploads\/2022\/10\/joana-bastos-visual-artist-header-300x121.jpg 300w, https:\/\/joanabastos.pt\/wp-content\/uploads\/2022\/10\/joana-bastos-visual-artist-header-1024x412.jpg 1024w, https:\/\/joanabastos.pt\/wp-content\/uploads\/2022\/10\/joana-bastos-visual-artist-header-768x309.jpg 768w, https:\/\/joanabastos.pt\/wp-content\/uploads\/2022\/10\/joana-bastos-visual-artist-header-1536x618.jpg 1536w, https:\/\/joanabastos.pt\/wp-content\/uploads\/2022\/10\/joana-bastos-visual-artist-header-2048x824.jpg 2048w, https:\/\/joanabastos.pt\/wp-content\/uploads\/2022\/10\/joana-bastos-visual-artist-header-18x7.jpg 18w, https:\/\/joanabastos.pt\/wp-content\/uploads\/2022\/10\/joana-bastos-visual-artist-header-600x241.jpg 600w\" sizes=\"(max-width: 2500px) 100vw, 2500px\" \/>\t\t\t\t\t\t\t\t\t\t\t\t\t\t\t<\/div>\n\t\t\t\t<\/div>\n\t\t\t\t\t<\/div>\n\t\t<\/div>\n\t\t\t\t\t<\/div>\n\t\t<\/section>\n\t\t\t\t<section class=\"elementor-section elementor-top-section elementor-element elementor-element-e2330e8 elementor-section-boxed elementor-section-height-default elementor-section-height-default\" data-id=\"e2330e8\" data-element_type=\"section\" data-e-type=\"section\" data-settings=\"{&quot;jet_parallax_layout_list&quot;:[]}\">\n\t\t\t\t\t\t<div class=\"elementor-container elementor-column-gap-default\">\n\t\t\t\t\t<div class=\"elementor-column elementor-col-100 elementor-top-column elementor-element elementor-element-08d24dd\" data-id=\"08d24dd\" data-element_type=\"column\" data-e-type=\"column\">\n\t\t\t<div class=\"elementor-widget-wrap elementor-element-populated\">\n\t\t\t\t\t\t<div class=\"elementor-element elementor-element-649a5ba elementor-widget elementor-widget-heading\" data-id=\"649a5ba\" data-element_type=\"widget\" data-e-type=\"widget\" data-widget_type=\"heading.default\">\n\t\t\t\t<div class=\"elementor-widget-container\">\n\t\t\t\t\t<h1 class=\"elementor-heading-title elementor-size-default\">Terms and conditions<\/h1>\t\t\t\t<\/div>\n\t\t\t\t<\/div>\n\t\t\t\t<div class=\"elementor-element elementor-element-9331ca1 elementor-widget elementor-widget-heading\" data-id=\"9331ca1\" data-element_type=\"widget\" data-e-type=\"widget\" data-widget_type=\"heading.default\">\n\t\t\t\t<div class=\"elementor-widget-container\">\n\t\t\t\t\t<h2 class=\"elementor-heading-title elementor-size-default\">1. Company identification\u00a0\u00a0<\/h2>\t\t\t\t<\/div>\n\t\t\t\t<\/div>\n\t\t\t\t<div class=\"elementor-element elementor-element-f9e3027 elementor-widget elementor-widget-text-editor\" data-id=\"f9e3027\" data-element_type=\"widget\" data-e-type=\"widget\" data-widget_type=\"text-editor.default\">\n\t\t\t\t<div class=\"elementor-widget-container\">\n\t\t\t\t\t\t\t\t\t<p><span class=\"TextRun SCXW205309148 BCX8\" lang=\"PT-PT\" xml:lang=\"PT-PT\" data-contrast=\"auto\"><span class=\"NormalTextRun SCXW205309148 BCX8\">This website is<\/span><span class=\"NormalTextRun SCXW205309148 BCX8\"> ownership of<\/span><\/span> Joana Bastos<span class=\"TextRun SCXW205309148 BCX8\" lang=\"PT-PT\" xml:lang=\"PT-PT\" data-contrast=\"auto\"><span class=\"NormalTextRun SCXW205309148 BCX8\">,<\/span><span class=\"NormalTextRun SCXW205309148 BCX8\">\u202fbrand of <\/span><\/span><span class=\"TextRun Highlight SCXW205309148 BCX8\" lang=\"PT-PT\" xml:lang=\"PT-PT\" data-contrast=\"auto\"><span class=\"NormalTextRun SCXW205309148 BCX8\">sole proprietorship (ENI)<\/span><\/span><span class=\"TextRun SCXW205309148 BCX8\" lang=\"PT-PT\" xml:lang=\"PT-PT\" data-contrast=\"auto\"><span class=\"NormalTextRun SCXW205309148 BCX8\">, com o n\u00famero de <\/span><\/span><span class=\"TextRun Highlight SCXW205309148 BCX8\" lang=\"PT-PT\" xml:lang=\"PT-PT\" data-contrast=\"auto\"><span class=\"NormalTextRun SCXW205309148 BCX8\">tax identification number 214718255<\/span><\/span><span class=\"TextRun SCXW205309148 BCX8\" lang=\"PT-PT\" xml:lang=\"PT-PT\" data-contrast=\"auto\"><span class=\"NormalTextRun SCXW205309148 BCX8\">, based in Matosinhos, Portugal (full address available upon request).<\/span><\/span><\/p>\t\t\t\t\t\t\t\t<\/div>\n\t\t\t\t<\/div>\n\t\t\t\t<div class=\"elementor-element elementor-element-f47b2f6 elementor-widget elementor-widget-heading\" data-id=\"f47b2f6\" data-element_type=\"widget\" data-e-type=\"widget\" data-widget_type=\"heading.default\">\n\t\t\t\t<div class=\"elementor-widget-container\">\n\t\t\t\t\t<h2 class=\"elementor-heading-title elementor-size-default\">2. Purpose\u00a0\u00a0<\/h2>\t\t\t\t<\/div>\n\t\t\t\t<\/div>\n\t\t\t\t<div class=\"elementor-element elementor-element-c31327b elementor-widget elementor-widget-text-editor\" data-id=\"c31327b\" data-element_type=\"widget\" data-e-type=\"widget\" data-widget_type=\"text-editor.default\">\n\t\t\t\t<div class=\"elementor-widget-container\">\n\t\t\t\t\t\t\t\t\t<p><span data-contrast=\"auto\">These Terms and Conditions govern access to and use of the website. <\/span><span data-contrast=\"auto\">www.joanabastos.pt<\/span><span data-contrast=\"auto\">, as well as the provision of information and services presented therein. By using the website, the user declares that they have read, understood, and fully accept these Terms and Conditions.\u00a0<\/span><span data-ccp-props=\"{&quot;335559685&quot;:360}\">\u00a0<\/span><\/p>\t\t\t\t\t\t\t\t<\/div>\n\t\t\t\t<\/div>\n\t\t\t\t<div class=\"elementor-element elementor-element-a1b968b elementor-widget elementor-widget-heading\" data-id=\"a1b968b\" data-element_type=\"widget\" data-e-type=\"widget\" data-widget_type=\"heading.default\">\n\t\t\t\t<div class=\"elementor-widget-container\">\n\t\t\t\t\t<h2 class=\"elementor-heading-title elementor-size-default\">3. Information about services and prices\u00a0\u00a0<\/h2>\t\t\t\t<\/div>\n\t\t\t\t<\/div>\n\t\t\t\t<div class=\"elementor-element elementor-element-d7e3746 elementor-widget elementor-widget-text-editor\" data-id=\"d7e3746\" data-element_type=\"widget\" data-e-type=\"widget\" data-widget_type=\"text-editor.default\">\n\t\t\t\t<div class=\"elementor-widget-container\">\n\t\t\t\t\t\t\t\t\t<p><span data-contrast=\"auto\">Joana Bastos <\/span><span data-contrast=\"auto\">presents on this website packages and services aimed at companies, professionals and individuals, with prices and terms and conditions. The prices shown are indicative only and do not constitute a binding contractual offer. Joana Bastos <\/span><span data-contrast=\"auto\">reserva-se o direito de modificar, atualizar ou eliminar qualquer informa\u00e7\u00e3o, pre\u00e7os, servi\u00e7os ou condi\u00e7\u00f5es sem aviso pr\u00e9vio.\u00a0<\/span><span data-ccp-props=\"{&quot;335559685&quot;:360}\">\u00a0<\/span><\/p>\t\t\t\t\t\t\t\t<\/div>\n\t\t\t\t<\/div>\n\t\t\t\t<div class=\"elementor-element elementor-element-73f1d0d elementor-widget elementor-widget-heading\" data-id=\"73f1d0d\" data-element_type=\"widget\" data-e-type=\"widget\" data-widget_type=\"heading.default\">\n\t\t\t\t<div class=\"elementor-widget-container\">\n\t\t\t\t\t<h2 class=\"elementor-heading-title elementor-size-default\">4. Requests for information and quotations\u00a0\u00a0<\/h2>\t\t\t\t<\/div>\n\t\t\t\t<\/div>\n\t\t\t\t<div class=\"elementor-element elementor-element-66f1cd1 elementor-widget elementor-widget-text-editor\" data-id=\"66f1cd1\" data-element_type=\"widget\" data-e-type=\"widget\" data-widget_type=\"text-editor.default\">\n\t\t\t\t<div class=\"elementor-widget-container\">\n\t\t\t\t\t\t\t\t\t<p><span data-contrast=\"auto\">Users may request information or quotes using the forms available on the website. Submitting the form does not in itself constitute any contract or obligation on the part of Joana Bastos.<\/span><span data-contrast=\"auto\">After receiving the request, Joana Bastos <\/span><span data-contrast=\"auto\">undertakes to contact the user for clarification, to send a detailed quote and, if applicable, to formalise the contractual relationship.\u00a0<\/span><span data-ccp-props=\"{&quot;335559685&quot;:360}\">\u00a0<\/span><\/p>\t\t\t\t\t\t\t\t<\/div>\n\t\t\t\t<\/div>\n\t\t\t\t<div class=\"elementor-element elementor-element-bc20ea5 elementor-widget elementor-widget-heading\" data-id=\"bc20ea5\" data-element_type=\"widget\" data-e-type=\"widget\" data-widget_type=\"heading.default\">\n\t\t\t\t<div class=\"elementor-widget-container\">\n\t\t\t\t\t<h2 class=\"elementor-heading-title elementor-size-default\">5. Contractual process\u00a0\u00a0<\/h2>\t\t\t\t<\/div>\n\t\t\t\t<\/div>\n\t\t\t\t<div class=\"elementor-element elementor-element-c9bdda5 elementor-widget elementor-widget-text-editor\" data-id=\"c9bdda5\" data-element_type=\"widget\" data-e-type=\"widget\" data-widget_type=\"text-editor.default\">\n\t\t\t\t<div class=\"elementor-widget-container\">\n\t\t\t\t\t\t\t\t\t<p><span data-contrast=\"auto\">The contractual relationship is only considered established after formal acceptance (in writing, by email or signed document) of the proposal sent by Joana Bastos. <\/span><span data-contrast=\"auto\">and express confirmation from the client. All details regarding services, prices, payment terms and deadlines will be defined in the contract proposal.\u00a0<\/span><span data-ccp-props=\"{&quot;335559685&quot;:360}\">\u00a0<\/span><\/p>\t\t\t\t\t\t\t\t<\/div>\n\t\t\t\t<\/div>\n\t\t\t\t<div class=\"elementor-element elementor-element-6882445 elementor-widget elementor-widget-heading\" data-id=\"6882445\" data-element_type=\"widget\" data-e-type=\"widget\" data-widget_type=\"heading.default\">\n\t\t\t\t<div class=\"elementor-widget-container\">\n\t\t\t\t\t<h2 class=\"elementor-heading-title elementor-size-default\">5. Contractual process\u00a0\u00a0<\/h2>\t\t\t\t<\/div>\n\t\t\t\t<\/div>\n\t\t\t\t<div class=\"elementor-element elementor-element-8259139 elementor-widget elementor-widget-text-editor\" data-id=\"8259139\" data-element_type=\"widget\" data-e-type=\"widget\" data-widget_type=\"text-editor.default\">\n\t\t\t\t<div class=\"elementor-widget-container\">\n\t\t\t\t\t\t\t\t\t<p><span data-contrast=\"auto\">Payment methods, deadlines and any additional costs will always be communicated to the customer in the formal proposal presented and agreed between the parties. Unless otherwise stated, payment must be made within the deadlines set out in the accepted proposal.\u00a0<\/span><span data-ccp-props=\"{&quot;335559685&quot;:360}\">\u00a0<\/span><\/p>\t\t\t\t\t\t\t\t<\/div>\n\t\t\t\t<\/div>\n\t\t\t\t<div class=\"elementor-element elementor-element-02504aa elementor-widget elementor-widget-heading\" data-id=\"02504aa\" data-element_type=\"widget\" data-e-type=\"widget\" data-widget_type=\"heading.default\">\n\t\t\t\t<div class=\"elementor-widget-container\">\n\t\t\t\t\t<h2 class=\"elementor-heading-title elementor-size-default\">6. Cancellations, returns and complaints\u00a0\u00a0<\/h2>\t\t\t\t<\/div>\n\t\t\t\t<\/div>\n\t\t\t\t<div class=\"elementor-element elementor-element-4164e74 elementor-widget elementor-widget-text-editor\" data-id=\"4164e74\" data-element_type=\"widget\" data-e-type=\"widget\" data-widget_type=\"text-editor.default\">\n\t\t\t\t<div class=\"elementor-widget-container\">\n\t\t\t\t\t\t\t\t\t<p><span data-contrast=\"auto\">Any request for cancellation, return or complaint must be communicated by email to <a href=\"mailto:info@joanabastos.pt\">info@joanabastos.pt<\/a><\/span><span data-contrast=\"auto\">. Customers may also submit complaints via the Electronic Complaints Book. Any refunds or returns of amounts paid will be analysed on a case-by-case basis, in accordance with the contractual conditions and applicable legislation.\u00a0<\/span><span data-ccp-props=\"{&quot;335559685&quot;:360}\">\u00a0<\/span><\/p>\t\t\t\t\t\t\t\t<\/div>\n\t\t\t\t<\/div>\n\t\t\t\t<div class=\"elementor-element elementor-element-feab183 elementor-widget elementor-widget-heading\" data-id=\"feab183\" data-element_type=\"widget\" data-e-type=\"widget\" data-widget_type=\"heading.default\">\n\t\t\t\t<div class=\"elementor-widget-container\">\n\t\t\t\t\t<h2 class=\"elementor-heading-title elementor-size-default\">7. Responsibility\u00a0<\/h2>\t\t\t\t<\/div>\n\t\t\t\t<\/div>\n\t\t\t\t<div class=\"elementor-element elementor-element-5ca5627 elementor-widget elementor-widget-text-editor\" data-id=\"5ca5627\" data-element_type=\"widget\" data-e-type=\"widget\" data-widget_type=\"text-editor.default\">\n\t\t\t\t<div class=\"elementor-widget-container\">\n\t\t\t\t\t\t\t\t\t<p><span data-contrast=\"auto\">Joana Bastos <\/span><span data-contrast=\"auto\">makes every effort to ensure the accuracy of the information published on the website, but assumes no responsibility for any errors, omissions or outdated information. Use of the website is the sole responsibility of the user. Joana Bastos <\/span><span data-contrast=\"auto\">does not guarantee that access to the website will be uninterrupted, error-free or secure, nor is it liable for damages resulting from viruses or other harmful elements.\u00a0<\/span><span data-ccp-props=\"{&quot;335559685&quot;:360}\">\u00a0<\/span><\/p>\t\t\t\t\t\t\t\t<\/div>\n\t\t\t\t<\/div>\n\t\t\t\t<div class=\"elementor-element elementor-element-d5c1640 elementor-widget elementor-widget-heading\" data-id=\"d5c1640\" data-element_type=\"widget\" data-e-type=\"widget\" data-widget_type=\"heading.default\">\n\t\t\t\t<div class=\"elementor-widget-container\">\n\t\t\t\t\t<h2 class=\"elementor-heading-title elementor-size-default\">8. Intellectual property\u00a0<\/h2>\t\t\t\t<\/div>\n\t\t\t\t<\/div>\n\t\t\t\t<div class=\"elementor-element elementor-element-6774d52 elementor-widget elementor-widget-text-editor\" data-id=\"6774d52\" data-element_type=\"widget\" data-e-type=\"widget\" data-widget_type=\"text-editor.default\">\n\t\t\t\t<div class=\"elementor-widget-container\">\n\t\t\t\t\t\t\t\t\t<p><span data-contrast=\"auto\">All content on this website, including text, images, logos, graphics and design, is the property of Joana Bastos.<\/span><span data-contrast=\"auto\">, unless otherwise stated. Its reproduction, distribution or use, in whole or in part, requires prior written authorisation from Joana Bastos.<\/span><span data-contrast=\"auto\">.\u00a0<\/span><span data-ccp-props=\"{&quot;335559685&quot;:360}\">\u00a0<\/span><\/p>\t\t\t\t\t\t\t\t<\/div>\n\t\t\t\t<\/div>\n\t\t\t\t<div class=\"elementor-element elementor-element-72b5168 elementor-widget elementor-widget-heading\" data-id=\"72b5168\" data-element_type=\"widget\" data-e-type=\"widget\" data-widget_type=\"heading.default\">\n\t\t\t\t<div class=\"elementor-widget-container\">\n\t\t\t\t\t<h2 class=\"elementor-heading-title elementor-size-default\">9. Data protection\u00a0\u00a0<\/h2>\t\t\t\t<\/div>\n\t\t\t\t<\/div>\n\t\t\t\t<div class=\"elementor-element elementor-element-aff1b20 elementor-widget elementor-widget-text-editor\" data-id=\"aff1b20\" data-element_type=\"widget\" data-e-type=\"widget\" data-widget_type=\"text-editor.default\">\n\t\t\t\t<div class=\"elementor-widget-container\">\n\t\t\t\t\t\t\t\t\t<p><span data-contrast=\"auto\">The use of this website involves the collection and processing of personal data, as defined in our Privacy Policy and Cookies Policy. We recommend that you read these policies carefully before submitting any personal data.\u00a0<\/span><span data-ccp-props=\"{&quot;335559685&quot;:360}\">\u00a0<\/span><\/p>\t\t\t\t\t\t\t\t<\/div>\n\t\t\t\t<\/div>\n\t\t\t\t<div class=\"elementor-element elementor-element-d0f2514 elementor-widget elementor-widget-heading\" data-id=\"d0f2514\" data-element_type=\"widget\" data-e-type=\"widget\" data-widget_type=\"heading.default\">\n\t\t\t\t<div class=\"elementor-widget-container\">\n\t\t\t\t\t<h2 class=\"elementor-heading-title elementor-size-default\">10. Links to third parties\u00a0\u00a0<\/h2>\t\t\t\t<\/div>\n\t\t\t\t<\/div>\n\t\t\t\t<div class=\"elementor-element elementor-element-75032f8 elementor-widget elementor-widget-text-editor\" data-id=\"75032f8\" data-element_type=\"widget\" data-e-type=\"widget\" data-widget_type=\"text-editor.default\">\n\t\t\t\t<div class=\"elementor-widget-container\">\n\t\t\t\t\t\t\t\t\t<p><span data-contrast=\"auto\">Our website may contain links to other websites that are not owned or controlled by us. We recommend that you pay attention when leaving our website and read the privacy policies of the website to which you have been redirected.\u00a0<\/span><span data-ccp-props=\"{&quot;335559685&quot;:360}\">\u00a0<\/span><\/p>\t\t\t\t\t\t\t\t<\/div>\n\t\t\t\t<\/div>\n\t\t\t\t<div class=\"elementor-element elementor-element-d5e44b2 elementor-widget elementor-widget-heading\" data-id=\"d5e44b2\" data-element_type=\"widget\" data-e-type=\"widget\" data-widget_type=\"heading.default\">\n\t\t\t\t<div class=\"elementor-widget-container\">\n\t\t\t\t\t<h2 class=\"elementor-heading-title elementor-size-default\">11. Changes to the Terms and Conditions\u00a0\u00a0<\/h2>\t\t\t\t<\/div>\n\t\t\t\t<\/div>\n\t\t\t\t<div class=\"elementor-element elementor-element-db44e0f elementor-widget elementor-widget-text-editor\" data-id=\"db44e0f\" data-element_type=\"widget\" data-e-type=\"widget\" data-widget_type=\"text-editor.default\">\n\t\t\t\t<div class=\"elementor-widget-container\">\n\t\t\t\t\t\t\t\t\t<p><span data-contrast=\"auto\">Joana Bastos <\/span><span data-contrast=\"auto\">reserves the right to change these Terms and Conditions at any time. Changes will take effect after they are published on the website. We recommend that you check this page regularly to keep up to date with any changes.\u00a0<\/span><span data-ccp-props=\"{&quot;335559685&quot;:360}\">\u00a0<\/span><\/p>\t\t\t\t\t\t\t\t<\/div>\n\t\t\t\t<\/div>\n\t\t\t\t<div class=\"elementor-element elementor-element-3763609 elementor-widget elementor-widget-heading\" data-id=\"3763609\" data-element_type=\"widget\" data-e-type=\"widget\" data-widget_type=\"heading.default\">\n\t\t\t\t<div class=\"elementor-widget-container\">\n\t\t\t\t\t<h2 class=\"elementor-heading-title elementor-size-default\">12. Applicable law<\/h2>\t\t\t\t<\/div>\n\t\t\t\t<\/div>\n\t\t\t\t<div class=\"elementor-element elementor-element-50c12ca elementor-widget elementor-widget-text-editor\" data-id=\"50c12ca\" data-element_type=\"widget\" data-e-type=\"widget\" data-widget_type=\"text-editor.default\">\n\t\t\t\t<div class=\"elementor-widget-container\">\n\t\t\t\t\t\t\t\t\t<p><span data-contrast=\"auto\">These Terms and Conditions are governed by Portuguese law and legislation in force.<\/span><span data-ccp-props=\"{&quot;335559685&quot;:360}\">\u00a0<\/span><\/p><p><span data-ccp-props=\"{&quot;335559685&quot;:360}\">\u00a0<\/span><\/p><p><b><span data-contrast=\"auto\">These Terms and Conditions were updated on 10 September 2025. <\/span><\/b><span data-ccp-props=\"{&quot;335559685&quot;:360}\">\u00a0<\/span><\/p>\t\t\t\t\t\t\t\t<\/div>\n\t\t\t\t<\/div>\n\t\t\t\t\t<\/div>\n\t\t<\/div>\n\t\t\t\t\t<\/div>\n\t\t<\/section>\n\t\t\t\t<\/div>","protected":false},"excerpt":{"rendered":"<p>Termos e condi\u00e7\u00f5es 1. Identifica\u00e7\u00e3o da\u00a0empresa\u00a0\u00a0 Este website \u00e9 propriedade de Joana Bastos,\u202fmarca da empresa em nome individual (ENI), com o n\u00famero de identifica\u00e7\u00e3o fiscal n\u00ba 214718255, com sede em Matosinhos, Portugal (morada completa disponibilizada mediante pedido). 2. Objeto\u00a0\u00a0 Os presentes Termos e Condi\u00e7\u00f5es regulam o acesso e a utiliza\u00e7\u00e3o do website www.joanabastos.pt, bem como&#8230;<\/p>","protected":false},"author":10,"featured_media":0,"parent":0,"menu_order":0,"comment_status":"closed","ping_status":"closed","template":"elementor_header_footer","meta":{"_jet_sm_ready_style":"","_jet_sm_style":"","_jet_sm_controls_values":"","_jet_sm_fonts_collection":"","_jet_sm_fonts_links":"","footnotes":""},"class_list":["post-23559","page","type-page","status-publish","hentry"],"_links":{"self":[{"href":"https:\/\/joanabastos.pt\/en\/wp-json\/wp\/v2\/pages\/23559","targetHints":{"allow":["GET"]}}],"collection":[{"href":"https:\/\/joanabastos.pt\/en\/wp-json\/wp\/v2\/pages"}],"about":[{"href":"https:\/\/joanabastos.pt\/en\/wp-json\/wp\/v2\/types\/page"}],"author":[{"embeddable":true,"href":"https:\/\/joanabastos.pt\/en\/wp-json\/wp\/v2\/users\/10"}],"replies":[{"embeddable":true,"href":"https:\/\/joanabastos.pt\/en\/wp-json\/wp\/v2\/comments?post=23559"}],"version-history":[{"count":22,"href":"https:\/\/joanabastos.pt\/en\/wp-json\/wp\/v2\/pages\/23559\/revisions"}],"predecessor-version":[{"id":23899,"href":"https:\/\/joanabastos.pt\/en\/wp-json\/wp\/v2\/pages\/23559\/revisions\/23899"}],"wp:attachment":[{"href":"https:\/\/joanabastos.pt\/en\/wp-json\/wp\/v2\/media?parent=23559"}],"curies":[{"name":"wp","href":"https:\/\/api.w.org\/{rel}","templated":true}]}}