{"id":18853,"date":"2024-12-19T12:52:16","date_gmt":"2024-12-19T12:52:16","guid":{"rendered":"https:\/\/joanabastos.pt\/?page_id=18853"},"modified":"2025-01-15T18:28:36","modified_gmt":"2025-01-15T18:28:36","slug":"galeria-producao-visual-de-moda-para-apresentacao-de-colecao-capsula","status":"publish","type":"page","link":"https:\/\/joanabastos.pt\/en\/galeria-producao-visual-de-moda-para-apresentacao-de-colecao-capsula\/","title":{"rendered":"Galeria &#8211; PRODU\u00c7\u00c3O VISUAL DE MODA PARA APRESENTA\u00c7\u00c3O DE COLE\u00c7\u00c3O C\u00c1PSULA"},"content":{"rendered":"<div data-elementor-type=\"wp-page\" data-elementor-id=\"18853\" class=\"elementor elementor-18853\" data-elementor-post-type=\"page\">\n\t\t\t\t\t\t<section class=\"elementor-section elementor-top-section elementor-element elementor-element-b63904f elementor-section-boxed elementor-section-height-default elementor-section-height-default\" data-id=\"b63904f\" data-element_type=\"section\" data-e-type=\"section\" data-settings=\"{&quot;jet_parallax_layout_list&quot;:[]}\">\n\t\t\t\t\t\t<div class=\"elementor-container elementor-column-gap-default\">\n\t\t\t\t\t<div class=\"elementor-column elementor-col-100 elementor-top-column elementor-element elementor-element-251d1d8\" data-id=\"251d1d8\" data-element_type=\"column\" data-e-type=\"column\">\n\t\t\t<div class=\"elementor-widget-wrap elementor-element-populated\">\n\t\t\t\t\t\t<div class=\"elementor-element elementor-element-3afb145 elementor-widget elementor-widget-heading\" data-id=\"3afb145\" data-element_type=\"widget\" data-e-type=\"widget\" data-widget_type=\"heading.default\">\n\t\t\t\t<div class=\"elementor-widget-container\">\n\t\t\t\t\t<h1 class=\"elementor-heading-title elementor-size-default\">VISUAL CREATIVE PRODUCTION <\/h1>\t\t\t\t<\/div>\n\t\t\t\t<\/div>\n\t\t\t\t<div class=\"elementor-element elementor-element-170677b elementor-widget elementor-widget-heading\" data-id=\"170677b\" data-element_type=\"widget\" data-e-type=\"widget\" data-widget_type=\"heading.default\">\n\t\t\t\t<div class=\"elementor-widget-container\">\n\t\t\t\t\t<h2 class=\"elementor-heading-title elementor-size-default\">FOR FASHION SHOW<\/h2>\t\t\t\t<\/div>\n\t\t\t\t<\/div>\n\t\t\t\t<div class=\"elementor-element elementor-element-f5580a4 elementor-widget elementor-widget-gallery\" data-id=\"f5580a4\" data-element_type=\"widget\" data-e-type=\"widget\" data-settings=\"{&quot;gallery_layout&quot;:&quot;masonry&quot;,&quot;lazyload&quot;:&quot;yes&quot;,&quot;columns&quot;:4,&quot;columns_tablet&quot;:2,&quot;columns_mobile&quot;:1,&quot;gap&quot;:{&quot;unit&quot;:&quot;px&quot;,&quot;size&quot;:10,&quot;sizes&quot;:[]},&quot;gap_tablet&quot;:{&quot;unit&quot;:&quot;px&quot;,&quot;size&quot;:10,&quot;sizes&quot;:[]},&quot;gap_mobile&quot;:{&quot;unit&quot;:&quot;px&quot;,&quot;size&quot;:10,&quot;sizes&quot;:[]},&quot;link_to&quot;:&quot;file&quot;,&quot;overlay_background&quot;:&quot;yes&quot;,&quot;content_hover_animation&quot;:&quot;fade-in&quot;}\" data-widget_type=\"gallery.default\">\n\t\t\t\t<div class=\"elementor-widget-container\">\n\t\t\t\t\t\t\t<div class=\"elementor-gallery__container\">\n\t\t\t\t\t\t\t<a class=\"e-gallery-item elementor-gallery-item elementor-animated-content\" href=\"https:\/\/joanabastos.pt\/wp-content\/uploads\/2025\/01\/apresentacao-colecao-capsula_1.webp\" data-elementor-open-lightbox=\"yes\" data-elementor-lightbox-slideshow=\"f5580a4\" data-elementor-lightbox-title=\"apresentacao-colecao-capsula_1\" data-e-action-hash=\"#elementor-action%3Aaction%3Dlightbox%26settings%3DeyJpZCI6MjA2MDgsInVybCI6Imh0dHBzOlwvXC9qb2FuYWJhc3Rvcy5wdFwvd3AtY29udGVudFwvdXBsb2Fkc1wvMjAyNVwvMDFcL2FwcmVzZW50YWNhby1jb2xlY2FvLWNhcHN1bGFfMS53ZWJwIiwic2xpZGVzaG93IjoiZjU1ODBhNCJ9\">\n\t\t\t\t\t<div class=\"e-gallery-image elementor-gallery-item__image\" data-thumbnail=\"https:\/\/joanabastos.pt\/wp-content\/uploads\/2025\/01\/apresentacao-colecao-capsula_1.webp\" data-width=\"1080\" data-height=\"603\" aria-label=\"\" role=\"img\" ><\/div>\n\t\t\t\t\t\t\t\t\t\t\t<div class=\"elementor-gallery-item__overlay\"><\/div>\n\t\t\t\t\t\t\t\t\t\t\t\t\t\t<\/a>\n\t\t\t\t\t\t\t<a class=\"e-gallery-item elementor-gallery-item elementor-animated-content\" href=\"https:\/\/joanabastos.pt\/wp-content\/uploads\/2025\/01\/apresentacao-colecao-capsula_2-scaled.webp\" data-elementor-open-lightbox=\"yes\" data-elementor-lightbox-slideshow=\"f5580a4\" data-elementor-lightbox-title=\"apresentacao-colecao-capsula_2\" data-e-action-hash=\"#elementor-action%3Aaction%3Dlightbox%26settings%3DeyJpZCI6MjA2MDksInVybCI6Imh0dHBzOlwvXC9qb2FuYWJhc3Rvcy5wdFwvd3AtY29udGVudFwvdXBsb2Fkc1wvMjAyNVwvMDFcL2FwcmVzZW50YWNhby1jb2xlY2FvLWNhcHN1bGFfMi1zY2FsZWQud2VicCIsInNsaWRlc2hvdyI6ImY1NTgwYTQifQ%3D%3D\">\n\t\t\t\t\t<div class=\"e-gallery-image elementor-gallery-item__image\" data-thumbnail=\"https:\/\/joanabastos.pt\/wp-content\/uploads\/2025\/01\/apresentacao-colecao-capsula_2-scaled.webp\" data-width=\"1921\" data-height=\"2560\" aria-label=\"\" role=\"img\" ><\/div>\n\t\t\t\t\t\t\t\t\t\t\t<div class=\"elementor-gallery-item__overlay\"><\/div>\n\t\t\t\t\t\t\t\t\t\t\t\t\t\t<\/a>\n\t\t\t\t\t\t\t<a class=\"e-gallery-item elementor-gallery-item elementor-animated-content\" href=\"https:\/\/joanabastos.pt\/wp-content\/uploads\/2025\/01\/apresentacao-colecao-capsula_3-scaled.webp\" data-elementor-open-lightbox=\"yes\" data-elementor-lightbox-slideshow=\"f5580a4\" data-elementor-lightbox-title=\"apresentacao-colecao-capsula_3\" data-e-action-hash=\"#elementor-action%3Aaction%3Dlightbox%26settings%3DeyJpZCI6MjA2MDEsInVybCI6Imh0dHBzOlwvXC9qb2FuYWJhc3Rvcy5wdFwvd3AtY29udGVudFwvdXBsb2Fkc1wvMjAyNVwvMDFcL2FwcmVzZW50YWNhby1jb2xlY2FvLWNhcHN1bGFfMy1zY2FsZWQud2VicCIsInNsaWRlc2hvdyI6ImY1NTgwYTQifQ%3D%3D\">\n\t\t\t\t\t<div class=\"e-gallery-image elementor-gallery-item__image\" data-thumbnail=\"https:\/\/joanabastos.pt\/wp-content\/uploads\/2025\/01\/apresentacao-colecao-capsula_3-scaled.webp\" data-width=\"1920\" data-height=\"2560\" aria-label=\"\" role=\"img\" ><\/div>\n\t\t\t\t\t\t\t\t\t\t\t<div class=\"elementor-gallery-item__overlay\"><\/div>\n\t\t\t\t\t\t\t\t\t\t\t\t\t\t<\/a>\n\t\t\t\t\t\t\t<a class=\"e-gallery-item elementor-gallery-item elementor-animated-content\" href=\"https:\/\/joanabastos.pt\/wp-content\/uploads\/2025\/01\/apresentacao-colecao-capsula_4-scaled.webp\" data-elementor-open-lightbox=\"yes\" data-elementor-lightbox-slideshow=\"f5580a4\" data-elementor-lightbox-title=\"apresentacao-colecao-capsula_4\" data-e-action-hash=\"#elementor-action%3Aaction%3Dlightbox%26settings%3DeyJpZCI6MjA2MDIsInVybCI6Imh0dHBzOlwvXC9qb2FuYWJhc3Rvcy5wdFwvd3AtY29udGVudFwvdXBsb2Fkc1wvMjAyNVwvMDFcL2FwcmVzZW50YWNhby1jb2xlY2FvLWNhcHN1bGFfNC1zY2FsZWQud2VicCIsInNsaWRlc2hvdyI6ImY1NTgwYTQifQ%3D%3D\">\n\t\t\t\t\t<div class=\"e-gallery-image elementor-gallery-item__image\" data-thumbnail=\"https:\/\/joanabastos.pt\/wp-content\/uploads\/2025\/01\/apresentacao-colecao-capsula_4-scaled.webp\" data-width=\"1920\" data-height=\"2560\" aria-label=\"\" role=\"img\" ><\/div>\n\t\t\t\t\t\t\t\t\t\t\t<div class=\"elementor-gallery-item__overlay\"><\/div>\n\t\t\t\t\t\t\t\t\t\t\t\t\t\t<\/a>\n\t\t\t\t\t\t\t<a class=\"e-gallery-item elementor-gallery-item elementor-animated-content\" href=\"https:\/\/joanabastos.pt\/wp-content\/uploads\/2025\/01\/apresentacao-colecao-capsula_5-scaled.webp\" data-elementor-open-lightbox=\"yes\" data-elementor-lightbox-slideshow=\"f5580a4\" data-elementor-lightbox-title=\"apresentacao-colecao-capsula_5\" data-e-action-hash=\"#elementor-action%3Aaction%3Dlightbox%26settings%3DeyJpZCI6MjA2MDMsInVybCI6Imh0dHBzOlwvXC9qb2FuYWJhc3Rvcy5wdFwvd3AtY29udGVudFwvdXBsb2Fkc1wvMjAyNVwvMDFcL2FwcmVzZW50YWNhby1jb2xlY2FvLWNhcHN1bGFfNS1zY2FsZWQud2VicCIsInNsaWRlc2hvdyI6ImY1NTgwYTQifQ%3D%3D\">\n\t\t\t\t\t<div class=\"e-gallery-image elementor-gallery-item__image\" data-thumbnail=\"https:\/\/joanabastos.pt\/wp-content\/uploads\/2025\/01\/apresentacao-colecao-capsula_5-scaled.webp\" data-width=\"1920\" data-height=\"2560\" aria-label=\"\" role=\"img\" ><\/div>\n\t\t\t\t\t\t\t\t\t\t\t<div class=\"elementor-gallery-item__overlay\"><\/div>\n\t\t\t\t\t\t\t\t\t\t\t\t\t\t<\/a>\n\t\t\t\t\t\t\t<a class=\"e-gallery-item elementor-gallery-item elementor-animated-content\" href=\"https:\/\/joanabastos.pt\/wp-content\/uploads\/2025\/01\/apresentacao-colecao-capsula_6-scaled.webp\" data-elementor-open-lightbox=\"yes\" data-elementor-lightbox-slideshow=\"f5580a4\" data-elementor-lightbox-title=\"apresentacao-colecao-capsula_6\" data-e-action-hash=\"#elementor-action%3Aaction%3Dlightbox%26settings%3DeyJpZCI6MjA2MDQsInVybCI6Imh0dHBzOlwvXC9qb2FuYWJhc3Rvcy5wdFwvd3AtY29udGVudFwvdXBsb2Fkc1wvMjAyNVwvMDFcL2FwcmVzZW50YWNhby1jb2xlY2FvLWNhcHN1bGFfNi1zY2FsZWQud2VicCIsInNsaWRlc2hvdyI6ImY1NTgwYTQifQ%3D%3D\">\n\t\t\t\t\t<div class=\"e-gallery-image elementor-gallery-item__image\" data-thumbnail=\"https:\/\/joanabastos.pt\/wp-content\/uploads\/2025\/01\/apresentacao-colecao-capsula_6-scaled.webp\" data-width=\"1920\" data-height=\"2560\" aria-label=\"\" role=\"img\" ><\/div>\n\t\t\t\t\t\t\t\t\t\t\t<div class=\"elementor-gallery-item__overlay\"><\/div>\n\t\t\t\t\t\t\t\t\t\t\t\t\t\t<\/a>\n\t\t\t\t\t\t\t<a class=\"e-gallery-item elementor-gallery-item elementor-animated-content\" href=\"https:\/\/joanabastos.pt\/wp-content\/uploads\/2025\/01\/apresentacao-colecao-capsula_7-scaled.webp\" data-elementor-open-lightbox=\"yes\" data-elementor-lightbox-slideshow=\"f5580a4\" data-elementor-lightbox-title=\"apresentacao-colecao-capsula_7\" data-e-action-hash=\"#elementor-action%3Aaction%3Dlightbox%26settings%3DeyJpZCI6MjA2MDUsInVybCI6Imh0dHBzOlwvXC9qb2FuYWJhc3Rvcy5wdFwvd3AtY29udGVudFwvdXBsb2Fkc1wvMjAyNVwvMDFcL2FwcmVzZW50YWNhby1jb2xlY2FvLWNhcHN1bGFfNy1zY2FsZWQud2VicCIsInNsaWRlc2hvdyI6ImY1NTgwYTQifQ%3D%3D\">\n\t\t\t\t\t<div class=\"e-gallery-image elementor-gallery-item__image\" data-thumbnail=\"https:\/\/joanabastos.pt\/wp-content\/uploads\/2025\/01\/apresentacao-colecao-capsula_7-scaled.webp\" data-width=\"2560\" data-height=\"1920\" aria-label=\"\" role=\"img\" ><\/div>\n\t\t\t\t\t\t\t\t\t\t\t<div class=\"elementor-gallery-item__overlay\"><\/div>\n\t\t\t\t\t\t\t\t\t\t\t\t\t\t<\/a>\n\t\t\t\t\t\t\t<a class=\"e-gallery-item elementor-gallery-item elementor-animated-content\" href=\"https:\/\/joanabastos.pt\/wp-content\/uploads\/2025\/01\/apresentacao-colecao-capsula_8-scaled.webp\" data-elementor-open-lightbox=\"yes\" data-elementor-lightbox-slideshow=\"f5580a4\" data-elementor-lightbox-title=\"apresentacao-colecao-capsula_8\" data-e-action-hash=\"#elementor-action%3Aaction%3Dlightbox%26settings%3DeyJpZCI6MjA2MDYsInVybCI6Imh0dHBzOlwvXC9qb2FuYWJhc3Rvcy5wdFwvd3AtY29udGVudFwvdXBsb2Fkc1wvMjAyNVwvMDFcL2FwcmVzZW50YWNhby1jb2xlY2FvLWNhcHN1bGFfOC1zY2FsZWQud2VicCIsInNsaWRlc2hvdyI6ImY1NTgwYTQifQ%3D%3D\">\n\t\t\t\t\t<div class=\"e-gallery-image elementor-gallery-item__image\" data-thumbnail=\"https:\/\/joanabastos.pt\/wp-content\/uploads\/2025\/01\/apresentacao-colecao-capsula_8-scaled.webp\" data-width=\"1920\" data-height=\"2560\" aria-label=\"\" role=\"img\" ><\/div>\n\t\t\t\t\t\t\t\t\t\t\t<div class=\"elementor-gallery-item__overlay\"><\/div>\n\t\t\t\t\t\t\t\t\t\t\t\t\t\t<\/a>\n\t\t\t\t\t\t\t<a class=\"e-gallery-item elementor-gallery-item elementor-animated-content\" href=\"https:\/\/joanabastos.pt\/wp-content\/uploads\/2025\/01\/apresentacao-colecao-capsula_9-scaled.webp\" data-elementor-open-lightbox=\"yes\" data-elementor-lightbox-slideshow=\"f5580a4\" data-elementor-lightbox-title=\"apresentacao-colecao-capsula_9\" data-e-action-hash=\"#elementor-action%3Aaction%3Dlightbox%26settings%3DeyJpZCI6MjA2MDcsInVybCI6Imh0dHBzOlwvXC9qb2FuYWJhc3Rvcy5wdFwvd3AtY29udGVudFwvdXBsb2Fkc1wvMjAyNVwvMDFcL2FwcmVzZW50YWNhby1jb2xlY2FvLWNhcHN1bGFfOS1zY2FsZWQud2VicCIsInNsaWRlc2hvdyI6ImY1NTgwYTQifQ%3D%3D\">\n\t\t\t\t\t<div class=\"e-gallery-image elementor-gallery-item__image\" data-thumbnail=\"https:\/\/joanabastos.pt\/wp-content\/uploads\/2025\/01\/apresentacao-colecao-capsula_9-scaled.webp\" data-width=\"1920\" data-height=\"2560\" aria-label=\"\" role=\"img\" ><\/div>\n\t\t\t\t\t\t\t\t\t\t\t<div class=\"elementor-gallery-item__overlay\"><\/div>\n\t\t\t\t\t\t\t\t\t\t\t\t\t\t<\/a>\n\t\t\t\t\t<\/div>\n\t\t\t\t\t<\/div>\n\t\t\t\t<\/div>\n\t\t\t\t\t<\/div>\n\t\t<\/div>\n\t\t\t\t\t<\/div>\n\t\t<\/section>\n\t\t\t\t<\/div>","protected":false},"excerpt":{"rendered":"<p>VISUAL CREATIVE PRODUCTION FOR FASHION SHOW<\/p>","protected":false},"author":2,"featured_media":0,"parent":0,"menu_order":0,"comment_status":"closed","ping_status":"closed","template":"","meta":{"_jet_sm_ready_style":"","_jet_sm_style":"","_jet_sm_controls_values":"","_jet_sm_fonts_collection":"","_jet_sm_fonts_links":"","footnotes":""},"class_list":["post-18853","page","type-page","status-publish","hentry"],"_links":{"self":[{"href":"https:\/\/joanabastos.pt\/en\/wp-json\/wp\/v2\/pages\/18853","targetHints":{"allow":["GET"]}}],"collection":[{"href":"https:\/\/joanabastos.pt\/en\/wp-json\/wp\/v2\/pages"}],"about":[{"href":"https:\/\/joanabastos.pt\/en\/wp-json\/wp\/v2\/types\/page"}],"author":[{"embeddable":true,"href":"https:\/\/joanabastos.pt\/en\/wp-json\/wp\/v2\/users\/2"}],"replies":[{"embeddable":true,"href":"https:\/\/joanabastos.pt\/en\/wp-json\/wp\/v2\/comments?post=18853"}],"version-history":[{"count":39,"href":"https:\/\/joanabastos.pt\/en\/wp-json\/wp\/v2\/pages\/18853\/revisions"}],"predecessor-version":[{"id":22683,"href":"https:\/\/joanabastos.pt\/en\/wp-json\/wp\/v2\/pages\/18853\/revisions\/22683"}],"wp:attachment":[{"href":"https:\/\/joanabastos.pt\/en\/wp-json\/wp\/v2\/media?parent=18853"}],"curies":[{"name":"wp","href":"https:\/\/api.w.org\/{rel}","templated":true}]}}