{"id":16272,"date":"2023-02-10T10:24:18","date_gmt":"2023-02-10T10:24:18","guid":{"rendered":"https:\/\/joanabastos.pt\/wp\/?page_id=16272"},"modified":"2025-01-08T16:26:05","modified_gmt":"2025-01-08T16:26:05","slug":"brevemente","status":"publish","type":"page","link":"https:\/\/joanabastos.pt\/en\/brevemente\/","title":{"rendered":"Brevemente"},"content":{"rendered":"<div data-elementor-type=\"wp-page\" data-elementor-id=\"16272\" class=\"elementor elementor-16272\" data-elementor-post-type=\"page\">\n\t\t\t\t\t\t<section class=\"elementor-section elementor-top-section elementor-element elementor-element-2c3a694 elementor-section-full_width elementor-section-height-min-height elementor-section-stretched elementor-reverse-mobile elementor-section-height-default elementor-section-items-middle\" data-id=\"2c3a694\" data-element_type=\"section\" data-e-type=\"section\" id=\"s\" data-settings=\"{&quot;stretch_section&quot;:&quot;section-stretched&quot;,&quot;jet_parallax_layout_list&quot;:[]}\">\n\t\t\t\t\t\t<div class=\"elementor-container elementor-column-gap-default\">\n\t\t\t\t\t<div class=\"elementor-column elementor-col-50 elementor-top-column elementor-element elementor-element-f7f8edc\" data-id=\"f7f8edc\" data-element_type=\"column\" data-e-type=\"column\">\n\t\t\t<div class=\"elementor-widget-wrap elementor-element-populated\">\n\t\t\t\t\t\t<div class=\"elementor-element elementor-element-e70fb9d elementor-widget elementor-widget-text-editor\" data-id=\"e70fb9d\" data-element_type=\"widget\" data-e-type=\"widget\" data-widget_type=\"text-editor.default\">\n\t\t\t\t<div class=\"elementor-widget-container\">\n\t\t\t\t\t\t\t\t\t<p class=\"translation-block\">We are preparing new content. <br>\nIf you need any information, I can help you.<br>\nJust send me a message.<\/p>\t\t\t\t\t\t\t\t<\/div>\n\t\t\t\t<\/div>\n\t\t\t\t<div class=\"elementor-element elementor-element-699f177 elementor-widget elementor-widget-text-editor\" data-id=\"699f177\" data-element_type=\"widget\" data-e-type=\"widget\" data-widget_type=\"text-editor.default\">\n\t\t\t\t<div class=\"elementor-widget-container\">\n\t\t\t\t\t\t\t\t\t<p>Do you have any question? Reach out!<\/p>\t\t\t\t\t\t\t\t<\/div>\n\t\t\t\t<\/div>\n\t\t\t\t<div class=\"elementor-element elementor-element-ec32310 elementor-widget elementor-widget-jet-form-builder-form\" data-id=\"ec32310\" data-element_type=\"widget\" data-e-type=\"widget\" data-widget_type=\"jet-form-builder-form.default\">\n\t\t\t\t<div class=\"elementor-widget-container\">\n\t\t\t\t\t<link rel='stylesheet' id='wp-block-library-css' href='https:\/\/joanabastos.pt\/wp-includes\/css\/dist\/block-library\/style.min.css?ver=6.9.4' type='text\/css' media='all' \/>\n<link rel=\"preconnect\" href=\"https:\/\/fonts.gstatic.com\"><style id=\"jet-form-builder-19230-inline-css\">.jet-sm-gb-3836616c-8451-4533-aa07-5f138a0b6c5e .jet-form-builder__action-button:hover:not(:disabled){background-color: ;} .jet-sm-gb-b4a66f64-94e6-49c2-87e7-7981c84d21eb .jet-form-builder__desc.jet-form-builder__desc.jet-form-builder__desc{background-color: ;} .jet-sm-gb-c63d7b8e-f4fc-42e0-905b-165b5b4f16f5 .jet-form-builder__desc.jet-form-builder__desc.jet-form-builder__desc{background-color: ;} .jet-sm-gb-81003a49-04a5-44bc-911e-8bb6011ec48c .jet-form-builder__desc.jet-form-builder__desc.jet-form-builder__desc{background-color: ;} .jet-sm-gb-e1977d2b-1632-46bb-9665-8dd15d55a8df .jet-form-builder__desc.jet-form-builder__desc.jet-form-builder__desc{background-color: ;} .jet-sm-gb-72e5dfab-651c-4995-b48a-0baacb0b8c90 .jet-form-builder__desc.jet-form-builder__desc.jet-form-builder__desc{background-color: ;} <\/style><form  class=\"jet-form-builder layout-column submit-type-reload\" action=\"https:\/\/joanabastos.pt\/en\/wp-json\/wp\/v2\/pages\/16272\/?LKha8b=ZPhHxlJqsw&#038;method=reload\" method=\"POST\" data-form-id=\"19230\" data-layout=\"column\" enctype=\"multipart\/form-data\" data-clear=\"1\" novalidate=\"null\" ssr_validation_method=\"rest\" data-trp-original-action=\"https:\/\/joanabastos.pt\/en\/wp-json\/wp\/v2\/pages\/16272\/?LKha8b=ZPhHxlJqsw&amp;method=reload\"><input type=\"hidden\" id=\"_wpnonce\" name=\"_wpnonce\" value=\"6b64baf8db\" \/><input type=\"hidden\" name=\"_wp_http_referer\" value=\"\/en\/wp-json\/wp\/v2\/pages\/16272\" \/>\r\n<input type=\"hidden\" name=\"_jfb_current_render_states[]\" value=\"DEFAULT.STATE\" data-jfb-sync \/><input type=\"hidden\" class=\"jet-form-builder__field hidden-field\" name=\"_jet_engine_booking_form_id\" data-field-name=\"_jet_engine_booking_form_id\" value=\"19230\">\n<input type=\"hidden\" class=\"jet-form-builder__field hidden-field\" name=\"_jet_engine_refer\" data-field-name=\"_jet_engine_refer\" value=\"https:\/\/joanabastos.pt\/en\/wp-json\/wp\/v2\/pages\/16272\/\">\n<input type=\"hidden\" class=\"jet-form-builder__field hidden-field\" name=\"__queried_post_id\" data-field-name=\"__queried_post_id\" value=\"16272\">\n\n<input type=\"hidden\" class=\"jet-form-builder__field hidden-field\" name=\"post_id\" data-field-name=\"post_id\" data-jfb-sync=\"null\" value=\"16272\">\n\n\n\n<div class=\"jet-sm-gb-wrapper jet-sm-gb-b4a66f64-94e6-49c2-87e7-7981c84d21eb\" data-block-id=\"jet-sm-gb-b4a66f64-94e6-49c2-87e7-7981c84d21eb\" ><div  data-validation-type=\"inherit\" class=\"jet-form-builder-row field-type-text-field\" >\n<div class=\"jet-form-builder__label\">\r\n<div class=\"jet-form-builder__label-text\">Name <span class=\"jet-form-builder__required\">*<\/span><\/div><\/div><div class=\"jet-form-builder__field-wrap\">\n\t\t\t\t<input required=\"required\" name=\"nome\" id=\"nome\" type=\"text\" data-field-name=\"nome\" class=\"jet-form-builder__field text-field\" data-jfb-sync=\"null\" autocomplete=\"off_K5rsNzWY\">\n\t\t\t\t\t<\/div>\n<\/div><\/div>\n\n<div class=\"jet-sm-gb-wrapper jet-sm-gb-c63d7b8e-f4fc-42e0-905b-165b5b4f16f5\" data-block-id=\"jet-sm-gb-c63d7b8e-f4fc-42e0-905b-165b5b4f16f5\" ><div  data-validation-type=\"inherit\" class=\"jet-form-builder-row field-type-text-field\" >\n<div class=\"jet-form-builder__label\">\r\n<div class=\"jet-form-builder__label-text\">Email <span class=\"jet-form-builder__required\">*<\/span><\/div><\/div><div class=\"jet-form-builder__field-wrap\">\n\t\t\t\t<input required=\"required\" name=\"email\" id=\"email\" type=\"text\" data-field-name=\"email\" class=\"jet-form-builder__field text-field\" data-jfb-sync=\"null\" autocomplete=\"off_9aDqKSCm\">\n\t\t\t\t\t<\/div>\n<\/div><\/div>\n\n<div class=\"jet-sm-gb-wrapper jet-sm-gb-81003a49-04a5-44bc-911e-8bb6011ec48c\" data-block-id=\"jet-sm-gb-81003a49-04a5-44bc-911e-8bb6011ec48c\" ><div  data-validation-type=\"inherit\" class=\"jet-form-builder-row field-type-text-field\" >\n<div class=\"jet-form-builder__label\">\r\n<div class=\"jet-form-builder__label-text\">Subject <span class=\"jet-form-builder__required\">*<\/span><\/div><\/div><div class=\"jet-form-builder__field-wrap\">\n\t\t\t\t<input required=\"required\" name=\"assunto\" id=\"assunto\" type=\"text\" data-field-name=\"assunto\" class=\"jet-form-builder__field text-field\" data-jfb-sync=\"null\" autocomplete=\"off_C6nUMxXo\">\n\t\t\t\t\t<\/div>\n<\/div><\/div>\n\n<div class=\"jet-sm-gb-wrapper jet-sm-gb-e1977d2b-1632-46bb-9665-8dd15d55a8df\" data-block-id=\"jet-sm-gb-e1977d2b-1632-46bb-9665-8dd15d55a8df\" ><div  data-validation-type=\"inherit\" class=\"jet-form-builder-row field-type-textarea-field\" >\n<div class=\"jet-form-builder__field-wrap\">\n\t\t<textarea class=\"jet-form-builder__field textarea-field\" placeholder=\"Write here your message\" name=\"mensagem\" data-field-name=\"mensagem\" id=\"mensagem\" data-jfb-sync=\"null\"><\/textarea>\n\t<\/div>\n<\/div><\/div>\n\n<div class=\"jet-sm-gb-wrapper jet-sm-gb-72e5dfab-651c-4995-b48a-0baacb0b8c90\" data-block-id=\"jet-sm-gb-72e5dfab-651c-4995-b48a-0baacb0b8c90\" ><div  data-validation-type=\"inherit\" class=\"jet-form-builder-row field-type-checkbox-field\" >\n<div class=\"jet-form-builder__fields-group checkradio-wrap\" data-jfb-sync><div class=\"jet-form-builder__field-wrap checkboxes-wrap checkradio-wrap\"><label class=\"jet-form-builder__field-label for-checkbox\">\n\t\t\t<input type=\"checkbox\" name=\"field_name\" value=\"true\" data-field-name=\"field_name\"  class=\"jet-form-builder__field checkboxes-field checkradio-field\" required=\"required\"><span>By checking this box, I declare that I have read and agree with the <a href=\"https:\/\/joanabastos.pt\/en\/politica-de-privacidade\/\">Privacy Policy<\/a> set by Joana Bastos.<\/span><\/label><\/div><\/div>\n<\/div><\/div>\n\n<div class=\"jet-sm-gb-wrapper jet-sm-gb-3836616c-8451-4533-aa07-5f138a0b6c5e\" data-block-id=\"jet-sm-gb-3836616c-8451-4533-aa07-5f138a0b6c5e\" ><input type=\"hidden\" class=\"captcha-token\" name=\"_captcha_token\" value=\"\"\/><div  data-validation-type=\"inherit\" class=\"jet-form-builder-row field-type-submit-field\" >\n\t<div data-type=\"submit\" class=\"jet-form-builder__action-button-wrapper jet-form-builder__submit-wrap\">\n\t<button class=\"jet-form-builder__action-button jet-form-builder__submit submit-type-reload\" type=\"submit\">Send<\/button>\n\t<\/div>\n\t\n<\/div><\/div>\n\n\n<p><\/p>\n\t<div class=\"jet-form-builder-messages-wrap\" data-form-id=\"19230\"><\/div>\n<input type=\"hidden\" name=\"trp-form-language\" value=\"en\"\/><\/form>\n\t\t\t\t<\/div>\n\t\t\t\t<\/div>\n\t\t\t\t<div class=\"elementor-element elementor-element-079d2e4 elementor-widget elementor-widget-text-editor\" data-id=\"079d2e4\" data-element_type=\"widget\" data-e-type=\"widget\" data-widget_type=\"text-editor.default\">\n\t\t\t\t<div class=\"elementor-widget-container\">\n\t\t\t\t\t\t\t\t\t<p>We will be back soon with more information.<\/p>\t\t\t\t\t\t\t\t<\/div>\n\t\t\t\t<\/div>\n\t\t\t\t\t<\/div>\n\t\t<\/div>\n\t\t\t\t<div class=\"elementor-column elementor-col-50 elementor-top-column elementor-element elementor-element-2d40255\" data-id=\"2d40255\" data-element_type=\"column\" data-e-type=\"column\" data-settings=\"{&quot;background_background&quot;:&quot;classic&quot;}\">\n\t\t\t<div class=\"elementor-widget-wrap elementor-element-populated\">\n\t\t\t\t\t\t<div class=\"elementor-element elementor-element-de4808f elementor-widget elementor-widget-image\" data-id=\"de4808f\" data-element_type=\"widget\" data-e-type=\"widget\" data-widget_type=\"image.default\">\n\t\t\t\t<div class=\"elementor-widget-container\">\n\t\t\t\t\t\t\t\t\t\t\t\t\t\t\t<img fetchpriority=\"high\" decoding=\"async\" width=\"2000\" height=\"1497\" src=\"https:\/\/joanabastos.pt\/wp-content\/uploads\/2023\/02\/jb-brevemente-1.webp\" class=\"attachment-full size-full wp-image-16274\" alt=\"\" srcset=\"https:\/\/joanabastos.pt\/wp-content\/uploads\/2023\/02\/jb-brevemente-1.webp 2000w, https:\/\/joanabastos.pt\/wp-content\/uploads\/2023\/02\/jb-brevemente-1-300x225.webp 300w, https:\/\/joanabastos.pt\/wp-content\/uploads\/2023\/02\/jb-brevemente-1-1024x766.webp 1024w, https:\/\/joanabastos.pt\/wp-content\/uploads\/2023\/02\/jb-brevemente-1-768x575.webp 768w, https:\/\/joanabastos.pt\/wp-content\/uploads\/2023\/02\/jb-brevemente-1-1536x1150.webp 1536w, https:\/\/joanabastos.pt\/wp-content\/uploads\/2023\/02\/jb-brevemente-1-16x12.webp 16w\" sizes=\"(max-width: 2000px) 100vw, 2000px\" \/>\t\t\t\t\t\t\t\t\t\t\t\t\t\t\t<\/div>\n\t\t\t\t<\/div>\n\t\t\t\t\t<\/div>\n\t\t<\/div>\n\t\t\t\t\t<\/div>\n\t\t<\/section>\n\t\t\t\t<\/div>","protected":false},"excerpt":{"rendered":"<p>Estamos a preparar novo conte\u00fado. Se necessitar de alguma informa\u00e7\u00e3o, eu posso ajud\u00e1-la.Basta enviar-me uma mensagem. Tem alguma d\u00favida? Contacte-me! Nome * Email * Assunto * Ao assinalar esta caixa, declaro que li e que concordo com a Pol\u00edtica de Privacidade definida pela Joana Bastos. Enviar Voltaremos brevemente com mais informa\u00e7\u00e3o.<\/p>","protected":false},"author":2,"featured_media":0,"parent":0,"menu_order":0,"comment_status":"closed","ping_status":"closed","template":"","meta":{"_jet_sm_ready_style":"","_jet_sm_style":"","_jet_sm_controls_values":"","_jet_sm_fonts_collection":"","_jet_sm_fonts_links":"","footnotes":""},"class_list":["post-16272","page","type-page","status-publish","hentry"],"_links":{"self":[{"href":"https:\/\/joanabastos.pt\/en\/wp-json\/wp\/v2\/pages\/16272","targetHints":{"allow":["GET"]}}],"collection":[{"href":"https:\/\/joanabastos.pt\/en\/wp-json\/wp\/v2\/pages"}],"about":[{"href":"https:\/\/joanabastos.pt\/en\/wp-json\/wp\/v2\/types\/page"}],"author":[{"embeddable":true,"href":"https:\/\/joanabastos.pt\/en\/wp-json\/wp\/v2\/users\/2"}],"replies":[{"embeddable":true,"href":"https:\/\/joanabastos.pt\/en\/wp-json\/wp\/v2\/comments?post=16272"}],"version-history":[{"count":154,"href":"https:\/\/joanabastos.pt\/en\/wp-json\/wp\/v2\/pages\/16272\/revisions"}],"predecessor-version":[{"id":22040,"href":"https:\/\/joanabastos.pt\/en\/wp-json\/wp\/v2\/pages\/16272\/revisions\/22040"}],"wp:attachment":[{"href":"https:\/\/joanabastos.pt\/en\/wp-json\/wp\/v2\/media?parent=16272"}],"curies":[{"name":"wp","href":"https:\/\/api.w.org\/{rel}","templated":true}]}}