{"id":14203,"date":"2022-11-16T15:23:40","date_gmt":"2022-11-16T15:23:40","guid":{"rendered":"https:\/\/joanabastos.pt\/wp\/?page_id=14203"},"modified":"2023-01-02T16:11:00","modified_gmt":"2023-01-02T16:11:00","slug":"formacoes","status":"publish","type":"page","link":"https:\/\/joanabastos.pt\/en\/formacoes\/","title":{"rendered":"Training"},"content":{"rendered":"<div data-elementor-type=\"wp-page\" data-elementor-id=\"14203\" class=\"elementor elementor-14203\" data-elementor-post-type=\"page\">\n\t\t\t\t\t\t<section class=\"elementor-section elementor-top-section elementor-element elementor-element-911e992 elementor-section-full_width elementor-section-height-default elementor-section-height-default\" data-id=\"911e992\" data-element_type=\"section\" data-e-type=\"section\" data-settings=\"{&quot;jet_parallax_layout_list&quot;:[]}\">\n\t\t\t\t\t\t<div class=\"elementor-container elementor-column-gap-default\">\n\t\t\t\t\t<div class=\"elementor-column elementor-col-100 elementor-top-column elementor-element elementor-element-8939208\" data-id=\"8939208\" data-element_type=\"column\" data-e-type=\"column\">\n\t\t\t<div class=\"elementor-widget-wrap elementor-element-populated\">\n\t\t\t\t\t\t<div class=\"elementor-element elementor-element-7ad0ab2 elementor-widget elementor-widget-heading\" data-id=\"7ad0ab2\" data-element_type=\"widget\" data-e-type=\"widget\" data-widget_type=\"heading.default\">\n\t\t\t\t<div class=\"elementor-widget-container\">\n\t\t\t\t\t<h5 class=\"elementor-heading-title elementor-size-default\">Training<\/h5>\t\t\t\t<\/div>\n\t\t\t\t<\/div>\n\t\t\t\t<div class=\"elementor-element elementor-element-07bae4b elementor-widget__width-initial elementor-hidden-desktop elementor-hidden-tablet elementor-hidden-mobile elementor-widget elementor-widget-text-editor\" data-id=\"07bae4b\" data-element_type=\"widget\" data-e-type=\"widget\" data-widget_type=\"text-editor.default\">\n\t\t\t\t<div class=\"elementor-widget-container\">\n\t\t\t\t\t\t\t\t\t<h5><br><\/h5>\n<p>Learn how to apply your own makeup or progress in your career with specialized training.\nJoana Bastos is a certified instructor with several years of experience that has a wide range of personal and professional training. \nWhether you are just starting out or are an active professional looking to obtain deeper knowledge and offer a wider range of services, you will find the solution with the differentiated and high-quality training Joana has to offer.<\/p>\t\t\t\t\t\t\t\t<\/div>\n\t\t\t\t<\/div>\n\t\t\t\t<div class=\"elementor-element elementor-element-9dab49f elementor-widget__width-initial elementor-hidden-desktop elementor-hidden-tablet elementor-hidden-mobile elementor-widget elementor-widget-text-editor\" data-id=\"9dab49f\" data-element_type=\"widget\" data-e-type=\"widget\" data-widget_type=\"text-editor.default\">\n\t\t\t\t<div class=\"elementor-widget-container\">\n\t\t\t\t\t\t\t\t\t<h5>\u00a0<\/h5><ul style=\"margin-bottom: 0px; margin-left: 1.5em; font-size: 15px;\"><li style=\"list-style: disc;\">Individual Makeup Workshop<\/li><li style=\"list-style: disc;\">Modular Social Makeup Training (festive\/ sophisticated makeup, bridal\/groom makeup, makeup for mature skin, makeup for brown\/ Asian skin, fashion makeup)<\/li><li style=\"list-style: disc;\"><span style=\"font-size: 1rem;\">Intensive Airbrushing Course applied to Social and Artistic Makeup with an Introduction to Bodypainting<\/span><\/li><li style=\"list-style: disc;\"><span style=\"font-size: 1rem;\">Workshop of Makeup for photography<\/span><\/li><li style=\"list-style: disc;\">Intensive Creative Makeup Course for Fashion and Advertising<\/li><li style=\"list-style: disc;\">Bodypainting Workshop<\/li><\/ul>\t\t\t\t\t\t\t\t<\/div>\n\t\t\t\t<\/div>\n\t\t\t\t<div class=\"elementor-element elementor-element-31ef9c2 elementor-widget elementor-widget-text-editor\" data-id=\"31ef9c2\" data-element_type=\"widget\" data-e-type=\"widget\" data-widget_type=\"text-editor.default\">\n\t\t\t\t<div class=\"elementor-widget-container\">\n\t\t\t\t\t\t\t\t\t<h5><br><\/h5>\n<p>Learn how to apply your own makeup or progress in your career with specialized training.\nJoana Bastos is a certified instructor with several years of experience that has a wide range of personal and professional training. \nWhether you are just starting out or are an active professional looking to obtain deeper knowledge and offer a wider range of services, you will find the solution with the differentiated and high-quality training Joana has to offer.&nbsp;<span style=\"color: var(--edubin-content-color); letter-spacing: 0px;\">If you have any questions about the training offers, or if you are looking for personalized training, contact us.<\/span><\/p>\t\t\t\t\t\t\t\t<\/div>\n\t\t\t\t<\/div>\n\t\t\t\t<div class=\"elementor-element elementor-element-85bdaed elementor-widget elementor-widget-html\" data-id=\"85bdaed\" data-element_type=\"widget\" data-e-type=\"widget\" data-widget_type=\"html.default\">\n\t\t\t\t<div class=\"elementor-widget-container\">\n\t\t\t\t\t<style>\n#edubindiv1 .col-lg-4 .course__title a{\n    font-size: 14px;\n    line-height: 18px;\n    font-weight: 500;\n    text-decoration: underline;\n}\n    .edubin-course p.course__excerpt{\n        font-weight: 400\n    }\n<\/style>\t\t\t\t<\/div>\n\t\t\t\t<\/div>\n\t\t\t\t\t<\/div>\n\t\t<\/div>\n\t\t\t\t\t<\/div>\n\t\t<\/section>\n\t\t\t\t<\/div>","protected":false},"excerpt":{"rendered":"<p>Forma\u00e7\u00f5es Aprenda a maquilhar-se ou evolua na sua carreira com forma\u00e7\u00f5es especializadas. Joana Bastos \u00e9 formadora certificada com v\u00e1rios anos de experi\u00eancia, que disp\u00f5e de uma oferta alargada de forma\u00e7\u00e3o pessoal e profissional. Quer esteja a come\u00e7ar ou j\u00e1 seja um profissional ativo que pretende aprofundar conhecimentos e abrir o leque de servi\u00e7os, vai encontrar&#8230;<\/p>","protected":false},"author":2,"featured_media":0,"parent":0,"menu_order":0,"comment_status":"closed","ping_status":"closed","template":"","meta":{"_jet_sm_ready_style":"","_jet_sm_style":"","_jet_sm_controls_values":"","_jet_sm_fonts_collection":"","_jet_sm_fonts_links":"","footnotes":""},"class_list":["post-14203","page","type-page","status-publish","hentry"],"_links":{"self":[{"href":"https:\/\/joanabastos.pt\/en\/wp-json\/wp\/v2\/pages\/14203","targetHints":{"allow":["GET"]}}],"collection":[{"href":"https:\/\/joanabastos.pt\/en\/wp-json\/wp\/v2\/pages"}],"about":[{"href":"https:\/\/joanabastos.pt\/en\/wp-json\/wp\/v2\/types\/page"}],"author":[{"embeddable":true,"href":"https:\/\/joanabastos.pt\/en\/wp-json\/wp\/v2\/users\/2"}],"replies":[{"embeddable":true,"href":"https:\/\/joanabastos.pt\/en\/wp-json\/wp\/v2\/comments?post=14203"}],"version-history":[{"count":46,"href":"https:\/\/joanabastos.pt\/en\/wp-json\/wp\/v2\/pages\/14203\/revisions"}],"predecessor-version":[{"id":15425,"href":"https:\/\/joanabastos.pt\/en\/wp-json\/wp\/v2\/pages\/14203\/revisions\/15425"}],"wp:attachment":[{"href":"https:\/\/joanabastos.pt\/en\/wp-json\/wp\/v2\/media?parent=14203"}],"curies":[{"name":"wp","href":"https:\/\/api.w.org\/{rel}","templated":true}]}}