{"id":12113,"date":"2022-05-25T11:06:52","date_gmt":"2022-05-25T11:06:52","guid":{"rendered":"https:\/\/joanabastos.pt\/wp\/?page_id=12113"},"modified":"2023-03-02T18:23:42","modified_gmt":"2023-03-02T18:23:42","slug":"politica-de-privacidade","status":"publish","type":"page","link":"https:\/\/joanabastos.pt\/en\/politica-de-privacidade\/","title":{"rendered":"Privacy Policy"},"content":{"rendered":"<div data-elementor-type=\"wp-page\" data-elementor-id=\"12113\" class=\"elementor elementor-12113\" data-elementor-post-type=\"page\">\n\t\t\t\t\t\t<section class=\"elementor-section elementor-top-section elementor-element elementor-element-64f3dfb elementor-section-full_width elementor-section-stretched elementor-section-height-default elementor-section-height-default\" data-id=\"64f3dfb\" data-element_type=\"section\" data-e-type=\"section\" data-settings=\"{&quot;stretch_section&quot;:&quot;section-stretched&quot;,&quot;jet_parallax_layout_list&quot;:[]}\">\n\t\t\t\t\t\t<div class=\"elementor-container elementor-column-gap-default\">\n\t\t\t\t\t<div class=\"elementor-column elementor-col-100 elementor-top-column elementor-element elementor-element-db18d95\" data-id=\"db18d95\" data-element_type=\"column\" data-e-type=\"column\">\n\t\t\t<div class=\"elementor-widget-wrap elementor-element-populated\">\n\t\t\t\t\t\t<div class=\"elementor-element elementor-element-a0bbda3 elementor-widget elementor-widget-image\" data-id=\"a0bbda3\" data-element_type=\"widget\" data-e-type=\"widget\" data-widget_type=\"image.default\">\n\t\t\t\t<div class=\"elementor-widget-container\">\n\t\t\t\t\t\t\t\t\t\t\t\t\t\t\t<img fetchpriority=\"high\" decoding=\"async\" width=\"2500\" height=\"1006\" src=\"https:\/\/joanabastos.pt\/wp-content\/uploads\/2022\/10\/joana-bastos-visual-artist-header.jpg\" class=\"attachment-full size-full wp-image-13486\" alt=\"\" srcset=\"https:\/\/joanabastos.pt\/wp-content\/uploads\/2022\/10\/joana-bastos-visual-artist-header.jpg 2500w, https:\/\/joanabastos.pt\/wp-content\/uploads\/2022\/10\/joana-bastos-visual-artist-header-300x121.jpg 300w, https:\/\/joanabastos.pt\/wp-content\/uploads\/2022\/10\/joana-bastos-visual-artist-header-1024x412.jpg 1024w, https:\/\/joanabastos.pt\/wp-content\/uploads\/2022\/10\/joana-bastos-visual-artist-header-768x309.jpg 768w, https:\/\/joanabastos.pt\/wp-content\/uploads\/2022\/10\/joana-bastos-visual-artist-header-1536x618.jpg 1536w, https:\/\/joanabastos.pt\/wp-content\/uploads\/2022\/10\/joana-bastos-visual-artist-header-2048x824.jpg 2048w, https:\/\/joanabastos.pt\/wp-content\/uploads\/2022\/10\/joana-bastos-visual-artist-header-18x7.jpg 18w, https:\/\/joanabastos.pt\/wp-content\/uploads\/2022\/10\/joana-bastos-visual-artist-header-600x241.jpg 600w\" sizes=\"(max-width: 2500px) 100vw, 2500px\" \/>\t\t\t\t\t\t\t\t\t\t\t\t\t\t\t<\/div>\n\t\t\t\t<\/div>\n\t\t\t\t\t<\/div>\n\t\t<\/div>\n\t\t\t\t\t<\/div>\n\t\t<\/section>\n\t\t\t\t<section class=\"elementor-section elementor-top-section elementor-element elementor-element-e2330e8 elementor-section-boxed elementor-section-height-default elementor-section-height-default\" data-id=\"e2330e8\" data-element_type=\"section\" data-e-type=\"section\" data-settings=\"{&quot;jet_parallax_layout_list&quot;:[]}\">\n\t\t\t\t\t\t<div class=\"elementor-container elementor-column-gap-default\">\n\t\t\t\t\t<div class=\"elementor-column elementor-col-100 elementor-top-column elementor-element elementor-element-08d24dd\" data-id=\"08d24dd\" data-element_type=\"column\" data-e-type=\"column\">\n\t\t\t<div class=\"elementor-widget-wrap elementor-element-populated\">\n\t\t\t\t\t\t<div class=\"elementor-element elementor-element-8d2f341 elementor-widget elementor-widget-text-editor\" data-id=\"8d2f341\" data-element_type=\"widget\" data-e-type=\"widget\" data-widget_type=\"text-editor.default\">\n\t\t\t\t<div class=\"elementor-widget-container\">\n\t\t\t\t\t\t\t\t\t<h4>Privacy Policy<\/h4><h5>\u00daLTIMA REVIS\u00c3O: 14 de novembro de 2020<\/h5><p>A presente Pol\u00edtica de Privacidade visa informar com detalhe os nossos procedimentos sobre a recolha e tratamento dos seus dados pessoais, em conformidade com as obriga\u00e7\u00f5es legais, de acordo com o\u00a0<em><strong>Artigo 4\u00ba do Regulamento (UE) 2016\/679 do Parlamento Europeu e do Conselho, de 27 de abril de 2016<\/strong><\/em>.<\/p><p>A\u00a0<em><strong>Joana Bastos<\/strong>,\u00a0<\/em>Empresa em Nome Individual (ENI), com identifica\u00e7\u00e3o fiscal n\u00ba 214718255\u00a0e sede em Av. Comendador Ferreira de Matos, n\u00ba 405, 4450-125 Matosinhos, disponibiliza o seu Website como plataforma de comunica\u00e7\u00e3o e divulga\u00e7\u00e3o, a visitantes, em geral, parceiros, potenciais cliente e atuais clientes.<\/p><p>Consideramos a privacidade de extrema import\u00e2ncia, como tal, estamos empenhados em continuamente proteger e salvaguardar os seus dados pessoais, incluindo nas nossas pol\u00edticas internas o refor\u00e7o da seguran\u00e7a no tratamento de dados pessoais no \u00e2mbito da nossa atividade profissional.<\/p><p>Para o efeito, a presente declara\u00e7\u00e3o tem o objetivo de informar com total transpar\u00eancia os processos, desde a subscri\u00e7\u00e3o de\u00a0<em><strong>newsletter<\/strong>,\u00a0<\/em>preenchimento de<em>\u00a0<strong>formul\u00e1rio de contacto\u00a0<\/strong><\/em>e sistema de\u00a0<strong><em>cookies<\/em><\/strong>, no que diz respeito \u00e0 respetiva dura\u00e7\u00e3o e finalidade do processamento, assim como os esfor\u00e7os em manter os seus dados confiados devidamente protegidos.<\/p><p>Estes processos aplicam-se ao nosso website comercial https:\/\/www.joanabastos.pt e a Joana Bastos reserva-se o direito de proceder a tarefas de manuten\u00e7\u00e3o e altera\u00e7\u00e3o do mesmo, sempre que necess\u00e1rio, tendo em vista manter a informa\u00e7\u00e3o atual e introduzir melhorias ao n\u00edvel de navegabilidade.<\/p><p>Antes de visitar e navegar no nosso website, o utilizador deve ler a nossa Pol\u00edtica de Privacidade e se, em qualquer momento, n\u00e3o desejar aceitar as condi\u00e7\u00f5es, dever\u00e1 abandonar o website.<\/p>\t\t\t\t\t\t\t\t<\/div>\n\t\t\t\t<\/div>\n\t\t\t\t<div class=\"elementor-element elementor-element-d3d78ad elementor-widget elementor-widget-accordion\" data-id=\"d3d78ad\" data-element_type=\"widget\" data-e-type=\"widget\" data-widget_type=\"accordion.default\">\n\t\t\t\t<div class=\"elementor-widget-container\">\n\t\t\t\t\t\t\t<div class=\"elementor-accordion\">\n\t\t\t\t\t\t\t<div class=\"elementor-accordion-item\">\n\t\t\t\t\t<h5 id=\"elementor-tab-title-2221\" class=\"elementor-tab-title\" data-tab=\"1\" role=\"button\" aria-controls=\"elementor-tab-content-2221\" aria-expanded=\"false\">\n\t\t\t\t\t\t\t\t\t\t\t\t\t<span class=\"elementor-accordion-icon elementor-accordion-icon-left\" aria-hidden=\"true\">\n\t\t\t\t\t\t\t\t\t\t\t\t\t\t\t<span class=\"elementor-accordion-icon-closed\"><i class=\"fas fa-angle-down\"><\/i><\/span>\n\t\t\t\t\t\t\t\t<span class=\"elementor-accordion-icon-opened\"><i class=\"fas fa-angle-up\"><\/i><\/span>\n\t\t\t\t\t\t\t\t\t\t\t\t\t\t<\/span>\n\t\t\t\t\t\t\t\t\t\t\t\t<a class=\"elementor-accordion-title\" tabindex=\"0\">Formul\u00e1rio de Contacto<\/a>\n\t\t\t\t\t<\/h5>\n\t\t\t\t\t<div id=\"elementor-tab-content-2221\" class=\"elementor-tab-content elementor-clearfix\" data-tab=\"1\" role=\"region\" aria-labelledby=\"elementor-tab-title-2221\"><p>Quando comunica connosco atrav\u00e9s da nossa\u00a0<em>P\u00e1gina de Contacto<\/em>\u00a0e pelo formul\u00e1rio de contacto (\u201cPedido de Contacto\u201d), poder\u00e1 preencher os campos associados para assim se estabelecer comunica\u00e7\u00e3o. De referir que este contacto n\u00e3o ser\u00e1 utilizado para efeitos de marketing.<\/p><p>Este website utiliza um plugin de formul\u00e1rios de contacto, em que os dados pessoais dos nossos utilizadores\/visitantes inseridos nesse mesmo formul\u00e1rio, ser\u00e3o guardados na nossa base de dados e geridos internamente pelos nossos colaboradores em fun\u00e7\u00e3o do motivo da comunica\u00e7\u00e3o, relacionado com pedido de\u00a0<em>or\u00e7amento<\/em>, de\u00a0<em>apoio t\u00e9cnico<\/em>, de\u00a0<em>recrutamento<\/em>\u00a0e de\u00a0<em>outra informa\u00e7\u00e3o<\/em>.<\/p><p>O prazo da conserva\u00e7\u00e3o desta informa\u00e7\u00e3o pessoal, depender\u00e1 da dura\u00e7\u00e3o necess\u00e1ria tratar os seus dados at\u00e9 \u00e0 finaliza\u00e7\u00e3o do processo e dependendo do motivo do contacto, poder\u00e1 ter que integrar o hist\u00f3rico da nossa base de dados, por exemplo, no caso de \u201c<em>Or\u00e7amento<\/em>\u201d e \u201c<em>Apoio T\u00e9cnico<\/em>\u201c.<\/p><p>Quando preenche o formul\u00e1rio para efeitos de\u00a0<em>Recrutamento<\/em>, a informa\u00e7\u00e3o enviada ser\u00e1 objeto de an\u00e1lise pelo respons\u00e1vel deste tratamento. Os dados pessoais e os Curr\u00edculos ser\u00e3o guardados enquanto entendermos importante mant\u00ea-lo na nossa base de dados como sendo um potencial candidato.<\/p><p><strong>Os cookies desempenham um papel importante, pois sem eles, a utiliza\u00e7\u00e3o da Web seria uma experi\u00eancia menos intuitiva e permite-nos melhorar a comunica\u00e7\u00e3o e proposta de produtos e\/ou servi\u00e7os, na vertente comercial e de estat\u00edstica.<\/strong><\/p><\/div>\n\t\t\t\t<\/div>\n\t\t\t\t\t\t\t<div class=\"elementor-accordion-item\">\n\t\t\t\t\t<h5 id=\"elementor-tab-title-2222\" class=\"elementor-tab-title\" data-tab=\"2\" role=\"button\" aria-controls=\"elementor-tab-content-2222\" aria-expanded=\"false\">\n\t\t\t\t\t\t\t\t\t\t\t\t\t<span class=\"elementor-accordion-icon elementor-accordion-icon-left\" aria-hidden=\"true\">\n\t\t\t\t\t\t\t\t\t\t\t\t\t\t\t<span class=\"elementor-accordion-icon-closed\"><i class=\"fas fa-angle-down\"><\/i><\/span>\n\t\t\t\t\t\t\t\t<span class=\"elementor-accordion-icon-opened\"><i class=\"fas fa-angle-up\"><\/i><\/span>\n\t\t\t\t\t\t\t\t\t\t\t\t\t\t<\/span>\n\t\t\t\t\t\t\t\t\t\t\t\t<a class=\"elementor-accordion-title\" tabindex=\"0\">Subscri\u00e7\u00e3o de Newsletter<\/a>\n\t\t\t\t\t<\/h5>\n\t\t\t\t\t<div id=\"elementor-tab-content-2222\" class=\"elementor-tab-content elementor-clearfix\" data-tab=\"2\" role=\"region\" aria-labelledby=\"elementor-tab-title-2222\"><p>No nosso\u00a0<em>website\u00a0<\/em>poder\u00e1 subscrever\u00a0<em>newsletters<\/em>, solicitando o envio, para o seu e-mail, de informa\u00e7\u00e3o acerca de novidades relacionadas com a nossa empresa que lhes poder\u00e3o interessar. Ao subscritor, estar\u00e1 dispon\u00edvel um comando que permite remover a subscri\u00e7\u00e3o com facilidade. Para este\u00a0servi\u00e7o de gest\u00e3o de\u00a0<em>newsletters, temos parceria com a<\/em>\u00a0\u00a0<a href=\"https:\/\/mailchimp.com\/\" target=\"_blank\" rel=\"noopener\">Mailchimp<\/a>, entidade que presta estes servi\u00e7os com uma pol\u00edtica de privacidade em concord\u00e2ncia com o Regulamento Geral de Prote\u00e7\u00e3o de Dados.<\/p><\/div>\n\t\t\t\t<\/div>\n\t\t\t\t\t\t\t<div class=\"elementor-accordion-item\">\n\t\t\t\t\t<h5 id=\"elementor-tab-title-2223\" class=\"elementor-tab-title\" data-tab=\"3\" role=\"button\" aria-controls=\"elementor-tab-content-2223\" aria-expanded=\"false\">\n\t\t\t\t\t\t\t\t\t\t\t\t\t<span class=\"elementor-accordion-icon elementor-accordion-icon-left\" aria-hidden=\"true\">\n\t\t\t\t\t\t\t\t\t\t\t\t\t\t\t<span class=\"elementor-accordion-icon-closed\"><i class=\"fas fa-angle-down\"><\/i><\/span>\n\t\t\t\t\t\t\t\t<span class=\"elementor-accordion-icon-opened\"><i class=\"fas fa-angle-up\"><\/i><\/span>\n\t\t\t\t\t\t\t\t\t\t\t\t\t\t<\/span>\n\t\t\t\t\t\t\t\t\t\t\t\t<a class=\"elementor-accordion-title\" tabindex=\"0\">Coment\u00e1rios<\/a>\n\t\t\t\t\t<\/h5>\n\t\t\t\t\t<div id=\"elementor-tab-content-2223\" class=\"elementor-tab-content elementor-clearfix\" data-tab=\"3\" role=\"region\" aria-labelledby=\"elementor-tab-title-2223\"><div class=\"vc_row wpb_row vc_row-fluid qodef-section qodef-content-aligment-left\"><div class=\"clearfix qodef-full-section-inner\"><div class=\"wpb_column vc_column_container vc_col-sm-12\"><div class=\"vc_column-inner\"><div class=\"wpb_wrapper\"><div class=\"qodef-accordion-holder clearfix qodef-toggle qodef-boxed accordion ui-accordion ui-accordion-icons ui-widget ui-helper-reset\"><div class=\"qodef-accordion-content ui-accordion-content ui-helper-reset ui-widget-content ui-corner-bottom ui-accordion-content-active\"><div class=\"qodef-accordion-content-inner\"><div class=\"wpb_text_column wpb_content_element\"><div class=\"wpb_wrapper\"><p>Quando os nossos visitantes\/utilizadores deixam coment\u00e1rios no nosso website, ser\u00e3o guardados os dados presentes no formul\u00e1rio dos coment\u00e1rios, bem como o endere\u00e7o de IP e o agente do utilizador do navegador, apenas com o intuito de ajudar com a dete\u00e7\u00e3o de spam atrav\u00e9s de um servi\u00e7o autom\u00e1tico de verifica\u00e7\u00e3o. Estes dados ser\u00e3o guardados e vis\u00edveis por tempo indefinido, de modo a ser poss\u00edvel reconhecer e aprovar automaticamente quaisquer coment\u00e1rios seguintes, em vez de os colocar numa fila de modera\u00e7\u00e3o.<\/p><\/div><\/div><\/div><\/div><\/div><\/div><\/div><\/div><\/div><\/div><\/div>\n\t\t\t\t<\/div>\n\t\t\t\t\t\t\t<div class=\"elementor-accordion-item\">\n\t\t\t\t\t<h5 id=\"elementor-tab-title-2224\" class=\"elementor-tab-title\" data-tab=\"4\" role=\"button\" aria-controls=\"elementor-tab-content-2224\" aria-expanded=\"false\">\n\t\t\t\t\t\t\t\t\t\t\t\t\t<span class=\"elementor-accordion-icon elementor-accordion-icon-left\" aria-hidden=\"true\">\n\t\t\t\t\t\t\t\t\t\t\t\t\t\t\t<span class=\"elementor-accordion-icon-closed\"><i class=\"fas fa-angle-down\"><\/i><\/span>\n\t\t\t\t\t\t\t\t<span class=\"elementor-accordion-icon-opened\"><i class=\"fas fa-angle-up\"><\/i><\/span>\n\t\t\t\t\t\t\t\t\t\t\t\t\t\t<\/span>\n\t\t\t\t\t\t\t\t\t\t\t\t<a class=\"elementor-accordion-title\" tabindex=\"0\">Conte\u00fado incorporado de outros websites<\/a>\n\t\t\t\t\t<\/h5>\n\t\t\t\t\t<div id=\"elementor-tab-content-2224\" class=\"elementor-tab-content elementor-clearfix\" data-tab=\"4\" role=\"region\" aria-labelledby=\"elementor-tab-title-2224\"><div class=\"vc_row wpb_row vc_row-fluid qodef-section qodef-content-aligment-left\"><div class=\"clearfix qodef-full-section-inner\"><div class=\"wpb_column vc_column_container vc_col-sm-12\"><div class=\"vc_column-inner\"><div class=\"wpb_wrapper\"><div class=\"qodef-accordion-holder clearfix qodef-toggle qodef-boxed accordion ui-accordion ui-accordion-icons ui-widget ui-helper-reset\"><div class=\"qodef-accordion-content ui-accordion-content ui-helper-reset ui-widget-content ui-corner-bottom ui-accordion-content-active\"><div class=\"qodef-accordion-content-inner\"><div class=\"wpb_text_column wpb_content_element\"><div class=\"wpb_wrapper\"><p>Os artigos neste website podem incluir conte\u00fado incorporado (por exemplo: v\u00eddeos, imagens, artigos, etc.) com hiperliga\u00e7\u00e3o para outros websites e nestes casos, comporta-se tal como se o utilizador visitasse esses websites com a sua pr\u00f3pria pol\u00edtica de privacidade.<\/p><\/div><\/div><\/div><\/div><\/div><\/div><\/div><\/div><\/div><\/div><\/div>\n\t\t\t\t<\/div>\n\t\t\t\t\t\t\t<div class=\"elementor-accordion-item\">\n\t\t\t\t\t<h5 id=\"elementor-tab-title-2225\" class=\"elementor-tab-title\" data-tab=\"5\" role=\"button\" aria-controls=\"elementor-tab-content-2225\" aria-expanded=\"false\">\n\t\t\t\t\t\t\t\t\t\t\t\t\t<span class=\"elementor-accordion-icon elementor-accordion-icon-left\" aria-hidden=\"true\">\n\t\t\t\t\t\t\t\t\t\t\t\t\t\t\t<span class=\"elementor-accordion-icon-closed\"><i class=\"fas fa-angle-down\"><\/i><\/span>\n\t\t\t\t\t\t\t\t<span class=\"elementor-accordion-icon-opened\"><i class=\"fas fa-angle-up\"><\/i><\/span>\n\t\t\t\t\t\t\t\t\t\t\t\t\t\t<\/span>\n\t\t\t\t\t\t\t\t\t\t\t\t<a class=\"elementor-accordion-title\" tabindex=\"0\">Contas de Utilizador<\/a>\n\t\t\t\t\t<\/h5>\n\t\t\t\t\t<div id=\"elementor-tab-content-2225\" class=\"elementor-tab-content elementor-clearfix\" data-tab=\"5\" role=\"region\" aria-labelledby=\"elementor-tab-title-2225\"><div class=\"vc_row wpb_row vc_row-fluid qodef-section qodef-content-aligment-left\"><div class=\"clearfix qodef-full-section-inner\"><div class=\"wpb_column vc_column_container vc_col-sm-12\"><div class=\"vc_column-inner\"><div class=\"wpb_wrapper\"><div class=\"qodef-accordion-holder clearfix qodef-toggle qodef-boxed accordion ui-accordion ui-accordion-icons ui-widget ui-helper-reset\"><div class=\"qodef-accordion-content ui-accordion-content ui-helper-reset ui-widget-content ui-corner-bottom ui-accordion-content-active\"><div class=\"qodef-accordion-content-inner\"><div class=\"wpb_text_column wpb_content_element\"><div class=\"wpb_wrapper\"><p>De uma forma geral, para aceder ao nosso website n\u00e3o ser\u00e1 necess\u00e1rio o registo do utilizador. No entanto, a utiliza\u00e7\u00e3o de determinados servi\u00e7os poder\u00e1 estar condicionada ao registo pr\u00e9vio do utilizador, para o qual ser\u00e1 necess\u00e1ria a leitura da informa\u00e7\u00e3o fornecida sobre prote\u00e7\u00e3o de dados.<\/p><p>No caso de o utilizador se registar no nosso website, guardamos a informa\u00e7\u00e3o pessoal fornecida no seu perfil de utilizador. Tendo acesso reservado \u00e0 sua conta, o utilizador pode ver, editar, ou eliminar a sua informa\u00e7\u00e3o pessoal a qualquer momento (com a exce\u00e7\u00e3o de n\u00e3o poderem alterar o nome de utilizador). Os administradores do website podem tamb\u00e9m ver e editar essa informa\u00e7\u00e3o.<\/p><\/div><\/div><\/div><\/div><\/div><\/div><\/div><\/div><\/div><\/div><\/div>\n\t\t\t\t<\/div>\n\t\t\t\t\t\t\t\t<\/div>\n\t\t\t\t\t\t<\/div>\n\t\t\t\t<\/div>\n\t\t\t\t<div class=\"elementor-element elementor-element-54ef939 elementor-widget elementor-widget-text-editor\" data-id=\"54ef939\" data-element_type=\"widget\" data-e-type=\"widget\" data-widget_type=\"text-editor.default\">\n\t\t\t\t<div class=\"elementor-widget-container\">\n\t\t\t\t\t\t\t\t\t<h4>&nbsp;<\/h4>\n<h4>TRATAMENTO DOS DADOS PESSOAIS<\/h4>\n<p>Os Dados Pessoais&nbsp; incluem toda a informa\u00e7\u00e3o referente a uma pessoa singular, independentemente do formato (por exemplo, texto, fotografia, v\u00eddeo), que a pode identificar direta ou indiretamente atrav\u00e9s de um ou mais elemento espec\u00edfico da sua identidade f\u00edsica, fisiol\u00f3gica, ps\u00edquica, econ\u00f3mica, cultural ou social. \u00c9 de referir que, como em qualquer Website, utilizamos tecnologia que recolhe informa\u00e7\u00e3o para al\u00e9m&nbsp; de (por exemplo) nome e morada, tais como endere\u00e7os IP e&nbsp;&nbsp;comportamentos, atitudes e prefer\u00eancias do utilizador. Estes dados s\u00e3o recolhidos por cookies (<a href=\"https:\/\/joanabastos.pt\/en\/utilizacao-de-cookies\/\" target=\"_blank\" rel=\"noopener noreferrer\">saiba mais<\/a>) que visa essencialmente facilitar a utiliza\u00e7\u00e3o do website numa experi\u00eancia de navega\u00e7\u00e3o otimizada.<\/p>\n<h4>ACESSO AOS SEUS DADOS PESSOAIS POR TERCEIROS<\/h4>\n<p>Mais informamos que no exerc\u00edcio da nossa atividade profissional, cooperamos com entidades terceiras al\u00e9m das j\u00e1 referidas nesta DECLARA\u00c7\u00c3O, como prestadores de servi\u00e7os, suscet\u00edveis de processarem os seus dados.&nbsp; Para al\u00e9m da autoriza\u00e7\u00e3o expressa pelo titular dos dados, para o tratamento dos seus dados, previamente concedida, informaremos destas entidades e do tratamento que fazem aos seus dados, sempre que poss\u00edvel. Reiteramos que apenas autorizaremos tal acesso \u00e0s entidades que garantam assegurar os dados dos nossos utilizadores e para tal, foram tomadas as medidas adequadas para que os nossos parceiros cumpram todas as suas obriga\u00e7\u00f5es relativas \u00e0 prote\u00e7\u00e3o dos seus dados.<\/p>\n<h4>DIREITOS SOBRE OS SEUS DADOS PESSOAIS<\/h4>\n<p>Os seus dados pessoais poder\u00e3o ser divulgados por raz\u00f5es relacionadas com:<\/p>\n<ul>\n<li style=\"list-style-type: none;\">\n<ul>\n<li>Exig\u00eancias legais;<\/li>\n<li>Prote\u00e7\u00e3o dos nossos clientes, por exemplo, para evitar&nbsp;spam&nbsp;ou tentativas de defraudar os utilizadores dos nossos produtos, ou at\u00e9 para ajudar a evitar les\u00f5es graves ou a perda de vidas;<\/li>\n<li>Operabilidade e manuten\u00e7\u00e3o da seguran\u00e7a dos nossos produtos, incluindo evitar ou impedir um ataque nos nossos sistemas inform\u00e1ticos ou redes; ou<\/li>\n<li>Prote\u00e7\u00e3o dos direitos ou a propriedade das empresas, incluindo a aplica\u00e7\u00e3o dos termos que regem a utiliza\u00e7\u00e3o dos servi\u00e7os; no entanto, se recebermos informa\u00e7\u00f5es que indiquem que algu\u00e9m est\u00e1 a utilizar os nossos servi\u00e7os para traficar propriedade f\u00edsica ou intelectual furtada, n\u00e3o inspecionamos a vida privada do cliente por conta pr\u00f3pria, mas podemos denunciar a quest\u00e3o \u00e0s autoridades.<\/li>\n<\/ul>\n<\/li>\n<\/ul>\n<p>O utilizador n\u00e3o pode copiar nem usar o servi\u00e7o inerente neste website, nem partes do mesmo, incluindo informa\u00e7\u00e3o sobre patentes, direitos de autor, marcas registadas, e outros direitos de propriedade&nbsp; intelectual, nem os nomes dos participantes ou colaboradores do servi\u00e7o, e respetivas varia\u00e7\u00f5es ou modifica\u00e7\u00f5es, para nenhum fim, sem a pr\u00e9via autoriza\u00e7\u00e3o escrita por parte da empresa Joana Bastos.<\/p>\n<p>Para solicitar as informa\u00e7\u00f5es que considere necess\u00e1rias relativamente ao processamento e tratamento dos mesmos, por favor contacte-nos, utilizando para esse efeito o&nbsp;<a href=\"https:\/\/joanabastos.pt\/en\/contactos\/\">formul\u00e1rio de contacto<\/a>, selecionando a op\u00e7\u00e3o \u201cInforma\u00e7\u00e3o\u201d. Nesse sentido, ser\u00e3o necess\u00e1rios os elementos comprovativos da titularidade dos respetivos dados pessoais. Em caso de pedidos infundados e excessivos, poder\u00e1 ser&nbsp;aplicado um custo.<\/p>\t\t\t\t\t\t\t\t<\/div>\n\t\t\t\t<\/div>\n\t\t\t\t\t<\/div>\n\t\t<\/div>\n\t\t\t\t\t<\/div>\n\t\t<\/section>\n\t\t\t\t<\/div>","protected":false},"excerpt":{"rendered":"<p>Pol\u00edtica de Privacidade \u00daLTIMA REVIS\u00c3O: 14 de novembro de 2020 A presente Pol\u00edtica de Privacidade visa informar com detalhe os nossos procedimentos sobre a recolha e tratamento dos seus dados pessoais, em conformidade com as obriga\u00e7\u00f5es legais, de acordo com o\u00a0Artigo 4\u00ba do Regulamento (UE) 2016\/679 do Parlamento Europeu e do Conselho, de 27 de&#8230;<\/p>","protected":false},"author":2,"featured_media":0,"parent":0,"menu_order":0,"comment_status":"closed","ping_status":"closed","template":"elementor_header_footer","meta":{"_jet_sm_ready_style":"","_jet_sm_style":"","_jet_sm_controls_values":"","_jet_sm_fonts_collection":"","_jet_sm_fonts_links":"","footnotes":""},"class_list":["post-12113","page","type-page","status-publish","hentry"],"_links":{"self":[{"href":"https:\/\/joanabastos.pt\/en\/wp-json\/wp\/v2\/pages\/12113","targetHints":{"allow":["GET"]}}],"collection":[{"href":"https:\/\/joanabastos.pt\/en\/wp-json\/wp\/v2\/pages"}],"about":[{"href":"https:\/\/joanabastos.pt\/en\/wp-json\/wp\/v2\/types\/page"}],"author":[{"embeddable":true,"href":"https:\/\/joanabastos.pt\/en\/wp-json\/wp\/v2\/users\/2"}],"replies":[{"embeddable":true,"href":"https:\/\/joanabastos.pt\/en\/wp-json\/wp\/v2\/comments?post=12113"}],"version-history":[{"count":40,"href":"https:\/\/joanabastos.pt\/en\/wp-json\/wp\/v2\/pages\/12113\/revisions"}],"predecessor-version":[{"id":16735,"href":"https:\/\/joanabastos.pt\/en\/wp-json\/wp\/v2\/pages\/12113\/revisions\/16735"}],"wp:attachment":[{"href":"https:\/\/joanabastos.pt\/en\/wp-json\/wp\/v2\/media?parent=12113"}],"curies":[{"name":"wp","href":"https:\/\/api.w.org\/{rel}","templated":true}]}}